{"id":15541,"date":"2015-11-28T12:44:44","date_gmt":"2015-11-28T15:44:44","guid":{"rendered":"http:\/\/tiexcellence.com.br\/?page_id=15541"},"modified":"2020-11-13T18:53:43","modified_gmt":"2020-11-13T20:53:43","slug":"empresa","status":"publish","type":"page","link":"https:\/\/pacific-excellence.com.br\/?page_id=15541","title":{"rendered":"Empresa"},"content":{"rendered":"<p>[vc_row bg_type=&#8221;no_bg&#8221;][vc_column][vc_column_text]A Pacific Excellence se posiciona no mercado como uma empresa focada em entregar qualidade no atendimento customizado a seus clientes, com forte atua\u00e7\u00e3o nos segmentos: financeiro, cont\u00e1bil, ind\u00fastria, com\u00e9rcio, advocacia, institui\u00e7\u00f5es de ensino, governamental e outros.<\/p>\n<p>Inclui em seu portf\u00f3lio solu\u00e7\u00f5es que buscam aperfei\u00e7oar processos, reduzir custos, aprimorar a rede de relacionamento com clientes, fornecedores e parceiros e garantir resultados com excel\u00eancia na gest\u00e3o de capital financeiro e humano das empresas.<\/p>\n<p>O quadro de colaboradores da Pacific Excellence \u00e9 composto por profissionais capacitados n\u00e3o s\u00f3 tecnicamente, mas tamb\u00e9m com amplo conhecimento de mercado e dos neg\u00f3cios dos clientes; capacidade de empreendimento e inova\u00e7\u00e3o; ampla rede de contatos com os mais importantes profissionais dos segmentos em que atuam; e trabalho baseado em performance e excel\u00eancia.[\/vc_column_text][vc_separator][\/vc_column][\/vc_row][vc_row][vc_column][vc_column_text]<strong>NOSSA HIST\u00d3RIA<\/strong><\/p>\n<p>A Ti Excellence foi fundada em 2011 a partir de 3 amigos analistas em infraestrutura de tecnologia que tinham a mesma vis\u00e3o e comprometimento de entregar qualidade em atendimento a seus usu\u00e1rios e clientes pessoais. Notavam a falta de zelo e dificuldade de compreens\u00e3o na necessidade do cliente por parte das empresas de tecnologia. Ent\u00e3o surgira a Ti Excellence: uma empresa que tem como maior objetivo honrar seu nome e entregar excel\u00eancia em Tecnologia.<\/p>\n<p>Mais tarde a Ti Excellence sofreu uma fus\u00e3o e ent\u00e3o nascia a PACIFIC-EXCELLENCE.<\/p>\n<p>A Ti Excellence nasceu do TI e tem muita experi\u00eancia em tecnologia em todos os segmentos de neg\u00f3cio. Ap\u00f3s a fus\u00e3o, absorvemos todo Know-how na \u00e1rea de Impress\u00e3o e Circuito de C\u00e2meras (CFTV), podendo assim ofertar a seus clientes muita qualidade, efici\u00eancia e profissionalismo em suas \u00e1reas de atua\u00e7\u00e3o.[\/vc_column_text][\/vc_column][\/vc_row]<\/p>\n","protected":false},"excerpt":{"rendered":"<p>[vc_row bg_type=&#8221;no_bg&#8221;][vc_column][vc_column_text]A Pacific Excellence se posiciona no mercado como uma empresa focada em entregar qualidade no atendimento customizado a seus clientes, com forte atua\u00e7\u00e3o nos segmentos: financeiro, cont\u00e1bil, ind\u00fastria, com\u00e9rcio, advocacia, institui\u00e7\u00f5es de ensino, governamental e outros. Inclui em seu portf\u00f3lio solu\u00e7\u00f5es que buscam aperfei\u00e7oar processos, reduzir custos, aprimorar a rede de relacionamento com clientes, [&hellip;]<\/p>\n","protected":false},"author":1,"featured_media":0,"parent":0,"menu_order":0,"comment_status":"closed","ping_status":"closed","template":"","meta":{"footnotes":""},"class_list":["post-15541","page","type-page","status-publish","hentry"],"yoast_head":"<!-- This site is optimized with the Yoast SEO plugin v27.3 - https:\/\/yoast.com\/product\/yoast-seo-wordpress\/ -->\n<title>Empresa - Pacific Excellence<\/title>\n<meta name=\"robots\" content=\"index, follow, max-snippet:-1, max-image-preview:large, max-video-preview:-1\" \/>\n<link rel=\"canonical\" href=\"https:\/\/pacific-excellence.com.br\/?page_id=15541\" \/>\n<meta property=\"og:locale\" content=\"pt_BR\" \/>\n<meta property=\"og:type\" content=\"article\" \/>\n<meta property=\"og:title\" content=\"Empresa - Pacific Excellence\" \/>\n<meta property=\"og:description\" content=\"[vc_row bg_type=&#8221;no_bg&#8221;][vc_column][vc_column_text]A Pacific Excellence se posiciona no mercado como uma empresa focada em entregar qualidade no atendimento customizado a seus clientes, com forte atua\u00e7\u00e3o nos segmentos: financeiro, cont\u00e1bil, ind\u00fastria, com\u00e9rcio, advocacia, institui\u00e7\u00f5es de ensino, governamental e outros. Inclui em seu portf\u00f3lio solu\u00e7\u00f5es que buscam aperfei\u00e7oar processos, reduzir custos, aprimorar a rede de relacionamento com clientes, [&hellip;]\" \/>\n<meta property=\"og:url\" content=\"https:\/\/pacific-excellence.com.br\/?page_id=15541\" \/>\n<meta property=\"og:site_name\" content=\"Pacific Excellence\" \/>\n<meta property=\"article:modified_time\" content=\"2020-11-13T20:53:43+00:00\" \/>\n<meta name=\"twitter:card\" content=\"summary_large_image\" \/>\n<meta name=\"twitter:label1\" content=\"Est. tempo de leitura\" \/>\n\t<meta name=\"twitter:data1\" content=\"2 minutos\" \/>\n<script type=\"application\/ld+json\" class=\"yoast-schema-graph\">{\"@context\":\"https:\\\/\\\/schema.org\",\"@graph\":[{\"@type\":\"WebPage\",\"@id\":\"https:\\\/\\\/pacific-excellence.com.br\\\/?page_id=15541\",\"url\":\"https:\\\/\\\/pacific-excellence.com.br\\\/?page_id=15541\",\"name\":\"Empresa - Pacific Excellence\",\"isPartOf\":{\"@id\":\"https:\\\/\\\/pacific-excellence.com.br\\\/#website\"},\"datePublished\":\"2015-11-28T15:44:44+00:00\",\"dateModified\":\"2020-11-13T20:53:43+00:00\",\"breadcrumb\":{\"@id\":\"https:\\\/\\\/pacific-excellence.com.br\\\/?page_id=15541#breadcrumb\"},\"inLanguage\":\"pt-BR\",\"potentialAction\":[{\"@type\":\"ReadAction\",\"target\":[\"https:\\\/\\\/pacific-excellence.com.br\\\/?page_id=15541\"]}]},{\"@type\":\"BreadcrumbList\",\"@id\":\"https:\\\/\\\/pacific-excellence.com.br\\\/?page_id=15541#breadcrumb\",\"itemListElement\":[{\"@type\":\"ListItem\",\"position\":1,\"name\":\"In\u00edcio\",\"item\":\"https:\\\/\\\/pacific-excellence.com.br\\\/\"},{\"@type\":\"ListItem\",\"position\":2,\"name\":\"Empresa\"}]},{\"@type\":\"WebSite\",\"@id\":\"https:\\\/\\\/pacific-excellence.com.br\\\/#website\",\"url\":\"https:\\\/\\\/pacific-excellence.com.br\\\/\",\"name\":\"Pacific Excellence\",\"description\":\"Excel\u00eancia em TI e Impress\u00e3o.\",\"potentialAction\":[{\"@type\":\"SearchAction\",\"target\":{\"@type\":\"EntryPoint\",\"urlTemplate\":\"https:\\\/\\\/pacific-excellence.com.br\\\/?s={search_term_string}\"},\"query-input\":{\"@type\":\"PropertyValueSpecification\",\"valueRequired\":true,\"valueName\":\"search_term_string\"}}],\"inLanguage\":\"pt-BR\"}]}<\/script>\n<!-- \/ Yoast SEO plugin. -->","yoast_head_json":{"title":"Empresa - Pacific Excellence","robots":{"index":"index","follow":"follow","max-snippet":"max-snippet:-1","max-image-preview":"max-image-preview:large","max-video-preview":"max-video-preview:-1"},"canonical":"https:\/\/pacific-excellence.com.br\/?page_id=15541","og_locale":"pt_BR","og_type":"article","og_title":"Empresa - Pacific Excellence","og_description":"[vc_row bg_type=&#8221;no_bg&#8221;][vc_column][vc_column_text]A Pacific Excellence se posiciona no mercado como uma empresa focada em entregar qualidade no atendimento customizado a seus clientes, com forte atua\u00e7\u00e3o nos segmentos: financeiro, cont\u00e1bil, ind\u00fastria, com\u00e9rcio, advocacia, institui\u00e7\u00f5es de ensino, governamental e outros. Inclui em seu portf\u00f3lio solu\u00e7\u00f5es que buscam aperfei\u00e7oar processos, reduzir custos, aprimorar a rede de relacionamento com clientes, [&hellip;]","og_url":"https:\/\/pacific-excellence.com.br\/?page_id=15541","og_site_name":"Pacific Excellence","article_modified_time":"2020-11-13T20:53:43+00:00","twitter_card":"summary_large_image","twitter_misc":{"Est. tempo de leitura":"2 minutos"},"schema":{"@context":"https:\/\/schema.org","@graph":[{"@type":"WebPage","@id":"https:\/\/pacific-excellence.com.br\/?page_id=15541","url":"https:\/\/pacific-excellence.com.br\/?page_id=15541","name":"Empresa - Pacific Excellence","isPartOf":{"@id":"https:\/\/pacific-excellence.com.br\/#website"},"datePublished":"2015-11-28T15:44:44+00:00","dateModified":"2020-11-13T20:53:43+00:00","breadcrumb":{"@id":"https:\/\/pacific-excellence.com.br\/?page_id=15541#breadcrumb"},"inLanguage":"pt-BR","potentialAction":[{"@type":"ReadAction","target":["https:\/\/pacific-excellence.com.br\/?page_id=15541"]}]},{"@type":"BreadcrumbList","@id":"https:\/\/pacific-excellence.com.br\/?page_id=15541#breadcrumb","itemListElement":[{"@type":"ListItem","position":1,"name":"In\u00edcio","item":"https:\/\/pacific-excellence.com.br\/"},{"@type":"ListItem","position":2,"name":"Empresa"}]},{"@type":"WebSite","@id":"https:\/\/pacific-excellence.com.br\/#website","url":"https:\/\/pacific-excellence.com.br\/","name":"Pacific Excellence","description":"Excel\u00eancia em TI e Impress\u00e3o.","potentialAction":[{"@type":"SearchAction","target":{"@type":"EntryPoint","urlTemplate":"https:\/\/pacific-excellence.com.br\/?s={search_term_string}"},"query-input":{"@type":"PropertyValueSpecification","valueRequired":true,"valueName":"search_term_string"}}],"inLanguage":"pt-BR"}]}},"_links":{"self":[{"href":"https:\/\/pacific-excellence.com.br\/index.php?rest_route=\/wp\/v2\/pages\/15541","targetHints":{"allow":["GET"]}}],"collection":[{"href":"https:\/\/pacific-excellence.com.br\/index.php?rest_route=\/wp\/v2\/pages"}],"about":[{"href":"https:\/\/pacific-excellence.com.br\/index.php?rest_route=\/wp\/v2\/types\/page"}],"author":[{"embeddable":true,"href":"https:\/\/pacific-excellence.com.br\/index.php?rest_route=\/wp\/v2\/users\/1"}],"replies":[{"embeddable":true,"href":"https:\/\/pacific-excellence.com.br\/index.php?rest_route=%2Fwp%2Fv2%2Fcomments&post=15541"}],"version-history":[{"count":24,"href":"https:\/\/pacific-excellence.com.br\/index.php?rest_route=\/wp\/v2\/pages\/15541\/revisions"}],"predecessor-version":[{"id":15950,"href":"https:\/\/pacific-excellence.com.br\/index.php?rest_route=\/wp\/v2\/pages\/15541\/revisions\/15950"}],"wp:attachment":[{"href":"https:\/\/pacific-excellence.com.br\/index.php?rest_route=%2Fwp%2Fv2%2Fmedia&parent=15541"}],"curies":[{"name":"wp","href":"https:\/\/api.w.org\/{rel}","templated":true}]}}