{"id":15551,"date":"2015-11-28T13:10:50","date_gmt":"2015-11-28T16:10:50","guid":{"rendered":"http:\/\/tiexcellence.com.br\/?page_id=15551"},"modified":"2020-11-05T17:52:26","modified_gmt":"2020-11-05T19:52:26","slug":"infraestrutura","status":"publish","type":"page","link":"https:\/\/pacific-excellence.com.br\/?page_id=15551","title":{"rendered":"Servidores\/Infraestrutura de Rede"},"content":{"rendered":"<p>[vc_row][vc_column][vc_column_text]A Pacific Excellence implementa solu\u00e7\u00f5es de infra-estrutura de rede com base na plataforma de servidor Microsoft, agregando alta disponibilidade, estabilidade, seguran\u00e7a das informa\u00e7\u00f5es, ferramentas de colabora\u00e7\u00e3o, e muito mais.<\/p>\n<p><strong>Projeto \/ implanta\u00e7\u00e3o \/ gerenciamento dos servi\u00e7os de rede, de acordo com as fun\u00e7\u00f5es desempenhadas pelo servidor, como:<\/strong><\/p>\n<ul>\n<li>Active Directory;<\/li>\n<li>DNS;<\/li>\n<li>Terminal Services;<\/li>\n<li>Diretivas de Grupo;<\/li>\n<li>Manuten\u00e7\u00e3o centralizada do ciclo de vida de esta\u00e7\u00f5es de trabalho e usu\u00e1rios;<\/li>\n<li>Invent\u00e1rio de softwares;<\/li>\n<li>Proxy;<\/li>\n<li>Dual Link (alta disponibilidade de links);<\/li>\n<li>DHCP;<\/li>\n<li>Wins;<\/li>\n<li>Servidor de Impress\u00e3o;<\/li>\n<li>Implanta\u00e7\u00e3o \/ Administra\u00e7\u00e3o de servidores de Intranet para integra\u00e7\u00e3o de funcion\u00e1rios, compartilhamento de calend\u00e1rio, contatos, links e documentos com o Windows Sharepoint Services;<\/li>\n<li>WSus : Gerenciamento de patchs de atualiza\u00e7\u00e3o de sistemas operacionais e Office;<\/li>\n<li>Firewall;<\/li>\n<li>VPN PPTP ou site to site.<\/li>\n<\/ul>\n<p>[\/vc_column_text][vc_separator][\/vc_column][\/vc_row][vc_row][vc_column][vc_column_text]<strong>Solicite j\u00e1 um or\u00e7amento atrav\u00e9s de <a href=\"mailto:contato@pacific-excellence.com.br\">contato@pacific-excellence.com.br<\/a><\/strong>[\/vc_column_text][\/vc_column][\/vc_row]<\/p>\n","protected":false},"excerpt":{"rendered":"<p>[vc_row][vc_column][vc_column_text]A Pacific Excellence implementa solu\u00e7\u00f5es de infra-estrutura de rede com base na plataforma de servidor Microsoft, agregando alta disponibilidade, estabilidade, seguran\u00e7a das informa\u00e7\u00f5es, ferramentas de colabora\u00e7\u00e3o, e muito mais. Projeto \/ implanta\u00e7\u00e3o \/ gerenciamento dos servi\u00e7os de rede, de acordo com as fun\u00e7\u00f5es desempenhadas pelo servidor, como: Active Directory; DNS; Terminal Services; Diretivas de Grupo; [&hellip;]<\/p>\n","protected":false},"author":1,"featured_media":0,"parent":0,"menu_order":0,"comment_status":"closed","ping_status":"closed","template":"","meta":{"footnotes":""},"class_list":["post-15551","page","type-page","status-publish","hentry"],"yoast_head":"<!-- This site is optimized with the Yoast SEO plugin v27.3 - https:\/\/yoast.com\/product\/yoast-seo-wordpress\/ -->\n<title>Servidores\/Infraestrutura de Rede - Pacific Excellence<\/title>\n<meta name=\"robots\" content=\"index, follow, max-snippet:-1, max-image-preview:large, max-video-preview:-1\" \/>\n<link rel=\"canonical\" href=\"https:\/\/pacific-excellence.com.br\/?page_id=15551\" \/>\n<meta property=\"og:locale\" content=\"pt_BR\" \/>\n<meta property=\"og:type\" content=\"article\" \/>\n<meta property=\"og:title\" content=\"Servidores\/Infraestrutura de Rede - Pacific Excellence\" \/>\n<meta property=\"og:description\" content=\"[vc_row][vc_column][vc_column_text]A Pacific Excellence implementa solu\u00e7\u00f5es de infra-estrutura de rede com base na plataforma de servidor Microsoft, agregando alta disponibilidade, estabilidade, seguran\u00e7a das informa\u00e7\u00f5es, ferramentas de colabora\u00e7\u00e3o, e muito mais. Projeto \/ implanta\u00e7\u00e3o \/ gerenciamento dos servi\u00e7os de rede, de acordo com as fun\u00e7\u00f5es desempenhadas pelo servidor, como: Active Directory; DNS; Terminal Services; Diretivas de Grupo; [&hellip;]\" \/>\n<meta property=\"og:url\" content=\"https:\/\/pacific-excellence.com.br\/?page_id=15551\" \/>\n<meta property=\"og:site_name\" content=\"Pacific Excellence\" \/>\n<meta property=\"article:modified_time\" content=\"2020-11-05T19:52:26+00:00\" \/>\n<meta name=\"twitter:card\" content=\"summary_large_image\" \/>\n<meta name=\"twitter:label1\" content=\"Est. tempo de leitura\" \/>\n\t<meta name=\"twitter:data1\" content=\"1 minuto\" \/>\n<script type=\"application\/ld+json\" class=\"yoast-schema-graph\">{\"@context\":\"https:\\\/\\\/schema.org\",\"@graph\":[{\"@type\":\"WebPage\",\"@id\":\"https:\\\/\\\/pacific-excellence.com.br\\\/?page_id=15551\",\"url\":\"https:\\\/\\\/pacific-excellence.com.br\\\/?page_id=15551\",\"name\":\"Servidores\\\/Infraestrutura de Rede - Pacific Excellence\",\"isPartOf\":{\"@id\":\"https:\\\/\\\/pacific-excellence.com.br\\\/#website\"},\"datePublished\":\"2015-11-28T16:10:50+00:00\",\"dateModified\":\"2020-11-05T19:52:26+00:00\",\"breadcrumb\":{\"@id\":\"https:\\\/\\\/pacific-excellence.com.br\\\/?page_id=15551#breadcrumb\"},\"inLanguage\":\"pt-BR\",\"potentialAction\":[{\"@type\":\"ReadAction\",\"target\":[\"https:\\\/\\\/pacific-excellence.com.br\\\/?page_id=15551\"]}]},{\"@type\":\"BreadcrumbList\",\"@id\":\"https:\\\/\\\/pacific-excellence.com.br\\\/?page_id=15551#breadcrumb\",\"itemListElement\":[{\"@type\":\"ListItem\",\"position\":1,\"name\":\"In\u00edcio\",\"item\":\"https:\\\/\\\/pacific-excellence.com.br\\\/\"},{\"@type\":\"ListItem\",\"position\":2,\"name\":\"Servidores\\\/Infraestrutura de Rede\"}]},{\"@type\":\"WebSite\",\"@id\":\"https:\\\/\\\/pacific-excellence.com.br\\\/#website\",\"url\":\"https:\\\/\\\/pacific-excellence.com.br\\\/\",\"name\":\"Pacific Excellence\",\"description\":\"Excel\u00eancia em TI e Impress\u00e3o.\",\"potentialAction\":[{\"@type\":\"SearchAction\",\"target\":{\"@type\":\"EntryPoint\",\"urlTemplate\":\"https:\\\/\\\/pacific-excellence.com.br\\\/?s={search_term_string}\"},\"query-input\":{\"@type\":\"PropertyValueSpecification\",\"valueRequired\":true,\"valueName\":\"search_term_string\"}}],\"inLanguage\":\"pt-BR\"}]}<\/script>\n<!-- \/ Yoast SEO plugin. -->","yoast_head_json":{"title":"Servidores\/Infraestrutura de Rede - Pacific Excellence","robots":{"index":"index","follow":"follow","max-snippet":"max-snippet:-1","max-image-preview":"max-image-preview:large","max-video-preview":"max-video-preview:-1"},"canonical":"https:\/\/pacific-excellence.com.br\/?page_id=15551","og_locale":"pt_BR","og_type":"article","og_title":"Servidores\/Infraestrutura de Rede - Pacific Excellence","og_description":"[vc_row][vc_column][vc_column_text]A Pacific Excellence implementa solu\u00e7\u00f5es de infra-estrutura de rede com base na plataforma de servidor Microsoft, agregando alta disponibilidade, estabilidade, seguran\u00e7a das informa\u00e7\u00f5es, ferramentas de colabora\u00e7\u00e3o, e muito mais. Projeto \/ implanta\u00e7\u00e3o \/ gerenciamento dos servi\u00e7os de rede, de acordo com as fun\u00e7\u00f5es desempenhadas pelo servidor, como: Active Directory; DNS; Terminal Services; Diretivas de Grupo; [&hellip;]","og_url":"https:\/\/pacific-excellence.com.br\/?page_id=15551","og_site_name":"Pacific Excellence","article_modified_time":"2020-11-05T19:52:26+00:00","twitter_card":"summary_large_image","twitter_misc":{"Est. tempo de leitura":"1 minuto"},"schema":{"@context":"https:\/\/schema.org","@graph":[{"@type":"WebPage","@id":"https:\/\/pacific-excellence.com.br\/?page_id=15551","url":"https:\/\/pacific-excellence.com.br\/?page_id=15551","name":"Servidores\/Infraestrutura de Rede - Pacific Excellence","isPartOf":{"@id":"https:\/\/pacific-excellence.com.br\/#website"},"datePublished":"2015-11-28T16:10:50+00:00","dateModified":"2020-11-05T19:52:26+00:00","breadcrumb":{"@id":"https:\/\/pacific-excellence.com.br\/?page_id=15551#breadcrumb"},"inLanguage":"pt-BR","potentialAction":[{"@type":"ReadAction","target":["https:\/\/pacific-excellence.com.br\/?page_id=15551"]}]},{"@type":"BreadcrumbList","@id":"https:\/\/pacific-excellence.com.br\/?page_id=15551#breadcrumb","itemListElement":[{"@type":"ListItem","position":1,"name":"In\u00edcio","item":"https:\/\/pacific-excellence.com.br\/"},{"@type":"ListItem","position":2,"name":"Servidores\/Infraestrutura de Rede"}]},{"@type":"WebSite","@id":"https:\/\/pacific-excellence.com.br\/#website","url":"https:\/\/pacific-excellence.com.br\/","name":"Pacific Excellence","description":"Excel\u00eancia em TI e Impress\u00e3o.","potentialAction":[{"@type":"SearchAction","target":{"@type":"EntryPoint","urlTemplate":"https:\/\/pacific-excellence.com.br\/?s={search_term_string}"},"query-input":{"@type":"PropertyValueSpecification","valueRequired":true,"valueName":"search_term_string"}}],"inLanguage":"pt-BR"}]}},"_links":{"self":[{"href":"https:\/\/pacific-excellence.com.br\/index.php?rest_route=\/wp\/v2\/pages\/15551","targetHints":{"allow":["GET"]}}],"collection":[{"href":"https:\/\/pacific-excellence.com.br\/index.php?rest_route=\/wp\/v2\/pages"}],"about":[{"href":"https:\/\/pacific-excellence.com.br\/index.php?rest_route=\/wp\/v2\/types\/page"}],"author":[{"embeddable":true,"href":"https:\/\/pacific-excellence.com.br\/index.php?rest_route=\/wp\/v2\/users\/1"}],"replies":[{"embeddable":true,"href":"https:\/\/pacific-excellence.com.br\/index.php?rest_route=%2Fwp%2Fv2%2Fcomments&post=15551"}],"version-history":[{"count":8,"href":"https:\/\/pacific-excellence.com.br\/index.php?rest_route=\/wp\/v2\/pages\/15551\/revisions"}],"predecessor-version":[{"id":15947,"href":"https:\/\/pacific-excellence.com.br\/index.php?rest_route=\/wp\/v2\/pages\/15551\/revisions\/15947"}],"wp:attachment":[{"href":"https:\/\/pacific-excellence.com.br\/index.php?rest_route=%2Fwp%2Fv2%2Fmedia&parent=15551"}],"curies":[{"name":"wp","href":"https:\/\/api.w.org\/{rel}","templated":true}]}}