{"id":15560,"date":"2015-11-28T13:18:33","date_gmt":"2015-11-28T16:18:33","guid":{"rendered":"http:\/\/tiexcellence.com.br\/?page_id=15560"},"modified":"2020-11-17T18:14:17","modified_gmt":"2020-11-17T20:14:17","slug":"outsourcing-de-impressao","status":"publish","type":"page","link":"https:\/\/pacific-excellence.com.br\/?page_id=15560","title":{"rendered":"Loca\u00e7\u00e3o de Impressoras\/Outsourcing"},"content":{"rendered":"<p>[vc_row][vc_column width=&#8221;2\/3&#8243;][vc_column_text]<strong>O CEN\u00c1RIO DA IMPRESS\u00c3O NO MUNDO CORPORATIVO<\/strong><\/p>\n<p>O principal foco das empresas atualmente \u00e9 concentrar-se em seu pr\u00f3prio core business, e muitas corpora\u00e7\u00f5es utilizam a sa\u00edda em delegar alguns servi\u00e7os com o intuito em redu\u00e7\u00e3o de custos e aumento da qualidade.<\/p>\n<p>No ramo de impress\u00f5es n\u00e3o poderia ser diferente. V\u00e1rias organiza\u00e7\u00f5es escolhem empresas especializadas para cuidar de todo o servi\u00e7o relacionado a impress\u00e3o e c\u00f3pia. O objetivo da empresa contratada ser\u00e1 analisar todo o cen\u00e1rio de gest\u00e3o de documentos dessa empresa e estudar formas de elevar a qualidade e reduzir os custos relacionados a esse setor.<\/p>\n<p>O gerenciamento do servi\u00e7o de impress\u00e3o consiste na terceiriza\u00e7\u00e3o de todos os processos de neg\u00f3cios relacionados \u00e0 cria\u00e7\u00e3o, produ\u00e7\u00e3o, processamento, acabamento e distribui\u00e7\u00e3o de documentos, sejam eles f\u00edsicos ou eletr\u00f4nicos, produzidos dentro ou fora do ambiente de sua empresa.<\/p>\n<p><strong>POR QUE ADOTAR OS SERVI\u00c7OS DE LOCA\u00c7\u00c3O\/OUTSOURCING DE IMPRESS\u00c3O DA PACIFIC EXCELLENCE, PARA EFIC\u00c1CIA DA GEST\u00c3O DA INFORMA\u00c7\u00c3O EM SUA EMPRESA?<\/strong><\/p>\n<p>Com a solu\u00e7\u00e3o de loca\u00e7\u00e3o\/outsourcing de impress\u00e3o, todos os processos de neg\u00f3cios da gest\u00e3o de documentos voltados \u00e0 produ\u00e7\u00e3o documental ficam sob a responsabilidade da Pacific Excellence. Dessa maneira, a sua empresa fica livre de investimentos na imobiliza\u00e7\u00e3o de ativos, m\u00e3o de obra, deprecia\u00e7\u00e3o de seus insumos (Toners) e administra\u00e7\u00e3o de diversos fornecedores. Essa oferta proporciona redu\u00e7\u00e3o de custos relacionados \u00e0 produ\u00e7\u00e3o de documentos, ferramentas para gest\u00e3o completa dos recursos, qualidade e disponibilidade de todos os processos relacionados \u00e0 impress\u00e3o, c\u00f3pias, digitaliza\u00e7\u00e3o e distribui\u00e7\u00e3o de documentos no ambiente de escrit\u00f3rio, com um servi\u00e7o especializado para implanta\u00e7\u00e3o, manuten\u00e7\u00e3o e gest\u00e3o proativa atrav\u00e9s de processos e sistemas.<\/p>\n<p><strong>S\u00c3O IN\u00daMERAS AS VANTAGENS DA SOLU\u00c7\u00c3O DE LOCA\u00c7\u00c3O\/OUTSOURCING DE IMPRESS\u00c3O DA PACIFIC EXCELLENCE<\/strong><\/p>\n<p>Confira os principais benef\u00edcios em se incorporar uma solu\u00e7\u00e3o de loca\u00e7\u00e3o\/outsourcing de impress\u00e3o \u00e0 gest\u00e3o de informa\u00e7\u00e3o de sua empresa:<\/p>\n<p>\u00b7 Terceiriza\u00e7\u00e3o dos processos relacionados \u00e0 produ\u00e7\u00e3o documental;<\/p>\n<p>\u00b7 Aumento de produtividade na atividade fim da empresa;<\/p>\n<p>\u00b7 Gerenciamento e controle de custos;<\/p>\n<p>\u00b7 Diminui\u00e7\u00e3o da quantidade de equipamentos e consequentemente do consumo de energia el\u00e9trica;<\/p>\n<p>\u00b7 Qualidade e disponibilidade dos recursos de impress\u00e3o, c\u00f3pias, fax e processos de digitaliza\u00e7\u00e3o, distribui\u00e7\u00e3o e entrega de documentos;<\/p>\n<p>\u00b7 Diminui\u00e7\u00e3o dos ativos;<\/p>\n<p>\u00b7 Diminui\u00e7\u00e3o de TCO (Total Cost Ownership) \u2013 custo total de propriedade:<\/p>\n<p>\u00b7 Redu\u00e7\u00e3o de fornecedores;<\/p>\n<p>\u00b7 Manuten\u00e7\u00e3o e suporte padronizados;<\/p>\n<p>\u00b7 Elimina\u00e7\u00e3o do estoque e das compras de consum\u00edveis;<\/p>\n<p>\u00b7 Opera\u00e7\u00e3o proativa para entrega de consum\u00edveis e atendimento em campo;<\/p>\n<p>\u00b7 Faturamento consolidado e com rateio de custos de impress\u00e3o e c\u00f3pia.<\/p>\n<p>Com o servi\u00e7o de loca\u00e7\u00e3o\/outsourcing de impress\u00e3o, a Pacific Excellence otimiza as opera\u00e7\u00f5es de impress\u00e3o\/c\u00f3pia atrav\u00e9s de um taxa fixa referente \u00e0 estrutura dispon\u00edvel oferecendo o menor custo por p\u00e1gina impressa \u2013 onde todos os ativos e insumos envolvidos ficam sob responsabilidade da Pacific Excellence. Al\u00e9m disso, contamos com o melhor SLA para atendimento t\u00e9cnico do mercado, e um software para controle de impress\u00e3o, informando o qu\u00ea e por quem foi impresso, para inibir impress\u00f5es pessoais e sem autoriza\u00e7\u00e3o.<\/p>\n<p>Com a incorpora\u00e7\u00e3o de loca\u00e7\u00e3o\/outsourcing de impress\u00e3o, o cliente fica livre dos custos de ativos, deprecia\u00e7\u00e3o e insumos, pagando uma taxa fixa mensal e uma vari\u00e1vel integralmente gerenci\u00e1vel. Como a Pacific Excellence possui hardware, servi\u00e7os e suporte t\u00e9cnico da mais alta qualidade, totalmente alinhados \u00e0s necessidades do cliente, a solu\u00e7\u00e3o de loca\u00e7\u00e3o\/outsourcing de impress\u00e3o da Pacific Excellence proporciona \u00e0 sua empresa um elevado padr\u00e3o em impress\u00e3o\/c\u00f3pia de documentos e, principalmente, economia.[\/vc_column_text][\/vc_column][vc_column width=&#8221;1\/3&#8243;][vc_single_image image=&#8221;15954&#8243; img_size=&#8221;full&#8221; label=&#8221;&#8221;][\/vc_column][\/vc_row][vc_row][vc_column][vc_column_text]<strong>Solicite j\u00e1 um or\u00e7amento atrav\u00e9s de <a href=\"mailto:contato@pacific-excellence.com.br\">contato@pacific-excellence.com.br<\/a><\/strong><\/p>\n<p>[\/vc_column_text][\/vc_column][\/vc_row]<\/p>\n","protected":false},"excerpt":{"rendered":"<p>[vc_row][vc_column width=&#8221;2\/3&#8243;][vc_column_text]O CEN\u00c1RIO DA IMPRESS\u00c3O NO MUNDO CORPORATIVO O principal foco das empresas atualmente \u00e9 concentrar-se em seu pr\u00f3prio core business, e muitas corpora\u00e7\u00f5es utilizam a sa\u00edda em delegar alguns servi\u00e7os com o intuito em redu\u00e7\u00e3o de custos e aumento da qualidade. No ramo de impress\u00f5es n\u00e3o poderia ser diferente. V\u00e1rias organiza\u00e7\u00f5es escolhem empresas especializadas [&hellip;]<\/p>\n","protected":false},"author":1,"featured_media":0,"parent":0,"menu_order":0,"comment_status":"closed","ping_status":"closed","template":"","meta":{"footnotes":""},"class_list":["post-15560","page","type-page","status-publish","hentry"],"yoast_head":"<!-- This site is optimized with the Yoast SEO plugin v27.3 - https:\/\/yoast.com\/product\/yoast-seo-wordpress\/ -->\n<title>Loca\u00e7\u00e3o de Impressoras\/Outsourcing - Pacific Excellence<\/title>\n<meta name=\"robots\" content=\"index, follow, max-snippet:-1, max-image-preview:large, max-video-preview:-1\" \/>\n<link rel=\"canonical\" href=\"https:\/\/pacific-excellence.com.br\/?page_id=15560\" \/>\n<meta property=\"og:locale\" content=\"pt_BR\" \/>\n<meta property=\"og:type\" content=\"article\" \/>\n<meta property=\"og:title\" content=\"Loca\u00e7\u00e3o de Impressoras\/Outsourcing - Pacific Excellence\" \/>\n<meta property=\"og:description\" content=\"[vc_row][vc_column width=&#8221;2\/3&#8243;][vc_column_text]O CEN\u00c1RIO DA IMPRESS\u00c3O NO MUNDO CORPORATIVO O principal foco das empresas atualmente \u00e9 concentrar-se em seu pr\u00f3prio core business, e muitas corpora\u00e7\u00f5es utilizam a sa\u00edda em delegar alguns servi\u00e7os com o intuito em redu\u00e7\u00e3o de custos e aumento da qualidade. No ramo de impress\u00f5es n\u00e3o poderia ser diferente. V\u00e1rias organiza\u00e7\u00f5es escolhem empresas especializadas [&hellip;]\" \/>\n<meta property=\"og:url\" content=\"https:\/\/pacific-excellence.com.br\/?page_id=15560\" \/>\n<meta property=\"og:site_name\" content=\"Pacific Excellence\" \/>\n<meta property=\"article:modified_time\" content=\"2020-11-17T20:14:17+00:00\" \/>\n<meta name=\"twitter:card\" content=\"summary_large_image\" \/>\n<meta name=\"twitter:label1\" content=\"Est. tempo de leitura\" \/>\n\t<meta name=\"twitter:data1\" content=\"4 minutos\" \/>\n<script type=\"application\/ld+json\" class=\"yoast-schema-graph\">{\"@context\":\"https:\\\/\\\/schema.org\",\"@graph\":[{\"@type\":\"WebPage\",\"@id\":\"https:\\\/\\\/pacific-excellence.com.br\\\/?page_id=15560\",\"url\":\"https:\\\/\\\/pacific-excellence.com.br\\\/?page_id=15560\",\"name\":\"Loca\u00e7\u00e3o de Impressoras\\\/Outsourcing - Pacific Excellence\",\"isPartOf\":{\"@id\":\"https:\\\/\\\/pacific-excellence.com.br\\\/#website\"},\"datePublished\":\"2015-11-28T16:18:33+00:00\",\"dateModified\":\"2020-11-17T20:14:17+00:00\",\"breadcrumb\":{\"@id\":\"https:\\\/\\\/pacific-excellence.com.br\\\/?page_id=15560#breadcrumb\"},\"inLanguage\":\"pt-BR\",\"potentialAction\":[{\"@type\":\"ReadAction\",\"target\":[\"https:\\\/\\\/pacific-excellence.com.br\\\/?page_id=15560\"]}]},{\"@type\":\"BreadcrumbList\",\"@id\":\"https:\\\/\\\/pacific-excellence.com.br\\\/?page_id=15560#breadcrumb\",\"itemListElement\":[{\"@type\":\"ListItem\",\"position\":1,\"name\":\"In\u00edcio\",\"item\":\"https:\\\/\\\/pacific-excellence.com.br\\\/\"},{\"@type\":\"ListItem\",\"position\":2,\"name\":\"Loca\u00e7\u00e3o de Impressoras\\\/Outsourcing\"}]},{\"@type\":\"WebSite\",\"@id\":\"https:\\\/\\\/pacific-excellence.com.br\\\/#website\",\"url\":\"https:\\\/\\\/pacific-excellence.com.br\\\/\",\"name\":\"Pacific Excellence\",\"description\":\"Excel\u00eancia em TI e Impress\u00e3o.\",\"potentialAction\":[{\"@type\":\"SearchAction\",\"target\":{\"@type\":\"EntryPoint\",\"urlTemplate\":\"https:\\\/\\\/pacific-excellence.com.br\\\/?s={search_term_string}\"},\"query-input\":{\"@type\":\"PropertyValueSpecification\",\"valueRequired\":true,\"valueName\":\"search_term_string\"}}],\"inLanguage\":\"pt-BR\"}]}<\/script>\n<!-- \/ Yoast SEO plugin. -->","yoast_head_json":{"title":"Loca\u00e7\u00e3o de Impressoras\/Outsourcing - Pacific Excellence","robots":{"index":"index","follow":"follow","max-snippet":"max-snippet:-1","max-image-preview":"max-image-preview:large","max-video-preview":"max-video-preview:-1"},"canonical":"https:\/\/pacific-excellence.com.br\/?page_id=15560","og_locale":"pt_BR","og_type":"article","og_title":"Loca\u00e7\u00e3o de Impressoras\/Outsourcing - Pacific Excellence","og_description":"[vc_row][vc_column width=&#8221;2\/3&#8243;][vc_column_text]O CEN\u00c1RIO DA IMPRESS\u00c3O NO MUNDO CORPORATIVO O principal foco das empresas atualmente \u00e9 concentrar-se em seu pr\u00f3prio core business, e muitas corpora\u00e7\u00f5es utilizam a sa\u00edda em delegar alguns servi\u00e7os com o intuito em redu\u00e7\u00e3o de custos e aumento da qualidade. No ramo de impress\u00f5es n\u00e3o poderia ser diferente. V\u00e1rias organiza\u00e7\u00f5es escolhem empresas especializadas [&hellip;]","og_url":"https:\/\/pacific-excellence.com.br\/?page_id=15560","og_site_name":"Pacific Excellence","article_modified_time":"2020-11-17T20:14:17+00:00","twitter_card":"summary_large_image","twitter_misc":{"Est. tempo de leitura":"4 minutos"},"schema":{"@context":"https:\/\/schema.org","@graph":[{"@type":"WebPage","@id":"https:\/\/pacific-excellence.com.br\/?page_id=15560","url":"https:\/\/pacific-excellence.com.br\/?page_id=15560","name":"Loca\u00e7\u00e3o de Impressoras\/Outsourcing - Pacific Excellence","isPartOf":{"@id":"https:\/\/pacific-excellence.com.br\/#website"},"datePublished":"2015-11-28T16:18:33+00:00","dateModified":"2020-11-17T20:14:17+00:00","breadcrumb":{"@id":"https:\/\/pacific-excellence.com.br\/?page_id=15560#breadcrumb"},"inLanguage":"pt-BR","potentialAction":[{"@type":"ReadAction","target":["https:\/\/pacific-excellence.com.br\/?page_id=15560"]}]},{"@type":"BreadcrumbList","@id":"https:\/\/pacific-excellence.com.br\/?page_id=15560#breadcrumb","itemListElement":[{"@type":"ListItem","position":1,"name":"In\u00edcio","item":"https:\/\/pacific-excellence.com.br\/"},{"@type":"ListItem","position":2,"name":"Loca\u00e7\u00e3o de Impressoras\/Outsourcing"}]},{"@type":"WebSite","@id":"https:\/\/pacific-excellence.com.br\/#website","url":"https:\/\/pacific-excellence.com.br\/","name":"Pacific Excellence","description":"Excel\u00eancia em TI e Impress\u00e3o.","potentialAction":[{"@type":"SearchAction","target":{"@type":"EntryPoint","urlTemplate":"https:\/\/pacific-excellence.com.br\/?s={search_term_string}"},"query-input":{"@type":"PropertyValueSpecification","valueRequired":true,"valueName":"search_term_string"}}],"inLanguage":"pt-BR"}]}},"_links":{"self":[{"href":"https:\/\/pacific-excellence.com.br\/index.php?rest_route=\/wp\/v2\/pages\/15560","targetHints":{"allow":["GET"]}}],"collection":[{"href":"https:\/\/pacific-excellence.com.br\/index.php?rest_route=\/wp\/v2\/pages"}],"about":[{"href":"https:\/\/pacific-excellence.com.br\/index.php?rest_route=\/wp\/v2\/types\/page"}],"author":[{"embeddable":true,"href":"https:\/\/pacific-excellence.com.br\/index.php?rest_route=\/wp\/v2\/users\/1"}],"replies":[{"embeddable":true,"href":"https:\/\/pacific-excellence.com.br\/index.php?rest_route=%2Fwp%2Fv2%2Fcomments&post=15560"}],"version-history":[{"count":10,"href":"https:\/\/pacific-excellence.com.br\/index.php?rest_route=\/wp\/v2\/pages\/15560\/revisions"}],"predecessor-version":[{"id":15955,"href":"https:\/\/pacific-excellence.com.br\/index.php?rest_route=\/wp\/v2\/pages\/15560\/revisions\/15955"}],"wp:attachment":[{"href":"https:\/\/pacific-excellence.com.br\/index.php?rest_route=%2Fwp%2Fv2%2Fmedia&parent=15560"}],"curies":[{"name":"wp","href":"https:\/\/api.w.org\/{rel}","templated":true}]}}