{"id":15902,"date":"2020-11-05T13:32:39","date_gmt":"2020-11-05T15:32:39","guid":{"rendered":"https:\/\/pacific-excellence.com.br\/?page_id=15902"},"modified":"2020-11-05T17:26:36","modified_gmt":"2020-11-05T19:26:36","slug":"nuvem-administracao","status":"publish","type":"page","link":"https:\/\/pacific-excellence.com.br\/?page_id=15902","title":{"rendered":"Nuvem (Administra\u00e7\u00e3o)"},"content":{"rendered":"<p>[vc_row][vc_column][vc_column_text]Otimize sua transforma\u00e7\u00e3o digital com acesso ao conhecimento de neg\u00f3cios, \u00e0 tecnologia e ao mercado.<\/p>\n<p>Desde o desenvolvimento de uma estrat\u00e9gia abrangente at\u00e9 a implementa\u00e7\u00e3o, e o gerenciamento de ambientes de nuvem robustos, os especialistas da Pacific Excellence s\u00e3o dedicados a garantir que voc\u00ea aproveite tudo o que a nuvem pode proporcionar.<\/p>\n<p>Oferecemos lideran\u00e7a e experi\u00eancia com a integra\u00e7\u00e3o das tecnologias mais recentes, como modelos de nuvem h\u00edbrida e computa\u00e7\u00e3o 100% em nuvem. Tudo para ajudar o cliente a desenvolver uma solu\u00e7\u00e3o altamente segura que crie um novo valor para seu neg\u00f3cio.<\/p>\n<p><strong>POR QUE USAR SERVI\u00c7OS EM NUVEM?<\/strong><\/p>\n<p>Com os servi\u00e7os em nuvem o cliente paga pelo que usa. Ou seja, o valor da sua mensalidade (Software) \u00e9 de acordo com a quantidade de recurso que est\u00e1 sendo utilizada. Diferentemente de servidores locais (f\u00edsicos), onde quando a extens\u00e3o de neg\u00f3cio aumenta, o servidor geralmente tamb\u00e9m precisa crescer. Com isso, o cliente precisar\u00e1 fazer upgrades, ou at\u00e9 mesmo adquirir um nosso servidor.<\/p>\n<p>O oposto disso tamb\u00e9m \u00e9 verdade. Assim, se o cliente tem um servidor superdimensionado para o seu volume de neg\u00f3cio estar\u00e1 desperdi\u00e7ando recursos financeiros, j\u00e1 que essa &#8220;sobra de servidor&#8221; fica ociosa.<\/p>\n<p>Outro fator aliado em usar servi\u00e7os em nuvem \u00e9 a pronta disponibilidade de acesso aos sistemas e arquivos \u2013 independentemente de sua localiza\u00e7\u00e3o geogr\u00e1fica.<\/p>\n<p>Suponha um cen\u00e1rio catastr\u00f3fico onde seus colaboradores n\u00e3o possam acessar as depend\u00eancias de sua empresa. Se seus arquivos e sistemas estando em nuvem, basta que eles acessem os arquivos e sistemas de suas casas (Home-Office).<\/p>\n<p>Em um cen\u00e1rio n\u00e3o catastr\u00f3fico, considere que seus colaboradores estejam em viagem. Basta que eles acessem os arquivos e sistemas atrav\u00e9s de seus notebooks conectados \u00e0 internet, em qualquer lugar que estejam.[\/vc_column_text][\/vc_column][\/vc_row][vc_row][vc_column][vc_column_text]<strong>Solicite j\u00e1 um or\u00e7amento atrav\u00e9s de <a href=\"mailto:contato@pacific-excellence.com.br\">contato@pacific-excellence.com.br<\/a><\/strong>[\/vc_column_text][\/vc_column][\/vc_row]<\/p>\n","protected":false},"excerpt":{"rendered":"<p>[vc_row][vc_column][vc_column_text]Otimize sua transforma\u00e7\u00e3o digital com acesso ao conhecimento de neg\u00f3cios, \u00e0 tecnologia e ao mercado. Desde o desenvolvimento de uma estrat\u00e9gia abrangente at\u00e9 a implementa\u00e7\u00e3o, e o gerenciamento de ambientes de nuvem robustos, os especialistas da Pacific Excellence s\u00e3o dedicados a garantir que voc\u00ea aproveite tudo o que a nuvem pode proporcionar. Oferecemos lideran\u00e7a e [&hellip;]<\/p>\n","protected":false},"author":1,"featured_media":0,"parent":0,"menu_order":0,"comment_status":"closed","ping_status":"closed","template":"","meta":{"footnotes":""},"class_list":["post-15902","page","type-page","status-publish","hentry"],"yoast_head":"<!-- This site is optimized with the Yoast SEO plugin v27.3 - https:\/\/yoast.com\/product\/yoast-seo-wordpress\/ -->\n<title>Nuvem (Administra\u00e7\u00e3o) - Pacific Excellence<\/title>\n<meta name=\"robots\" content=\"index, follow, max-snippet:-1, max-image-preview:large, max-video-preview:-1\" \/>\n<link rel=\"canonical\" href=\"https:\/\/pacific-excellence.com.br\/?page_id=15902\" \/>\n<meta property=\"og:locale\" content=\"pt_BR\" \/>\n<meta property=\"og:type\" content=\"article\" \/>\n<meta property=\"og:title\" content=\"Nuvem (Administra\u00e7\u00e3o) - Pacific Excellence\" \/>\n<meta property=\"og:description\" content=\"[vc_row][vc_column][vc_column_text]Otimize sua transforma\u00e7\u00e3o digital com acesso ao conhecimento de neg\u00f3cios, \u00e0 tecnologia e ao mercado. Desde o desenvolvimento de uma estrat\u00e9gia abrangente at\u00e9 a implementa\u00e7\u00e3o, e o gerenciamento de ambientes de nuvem robustos, os especialistas da Pacific Excellence s\u00e3o dedicados a garantir que voc\u00ea aproveite tudo o que a nuvem pode proporcionar. Oferecemos lideran\u00e7a e [&hellip;]\" \/>\n<meta property=\"og:url\" content=\"https:\/\/pacific-excellence.com.br\/?page_id=15902\" \/>\n<meta property=\"og:site_name\" content=\"Pacific Excellence\" \/>\n<meta property=\"article:modified_time\" content=\"2020-11-05T19:26:36+00:00\" \/>\n<meta name=\"twitter:card\" content=\"summary_large_image\" \/>\n<meta name=\"twitter:label1\" content=\"Est. tempo de leitura\" \/>\n\t<meta name=\"twitter:data1\" content=\"2 minutos\" \/>\n<script type=\"application\/ld+json\" class=\"yoast-schema-graph\">{\"@context\":\"https:\\\/\\\/schema.org\",\"@graph\":[{\"@type\":\"WebPage\",\"@id\":\"https:\\\/\\\/pacific-excellence.com.br\\\/?page_id=15902\",\"url\":\"https:\\\/\\\/pacific-excellence.com.br\\\/?page_id=15902\",\"name\":\"Nuvem (Administra\u00e7\u00e3o) - Pacific Excellence\",\"isPartOf\":{\"@id\":\"https:\\\/\\\/pacific-excellence.com.br\\\/#website\"},\"datePublished\":\"2020-11-05T15:32:39+00:00\",\"dateModified\":\"2020-11-05T19:26:36+00:00\",\"breadcrumb\":{\"@id\":\"https:\\\/\\\/pacific-excellence.com.br\\\/?page_id=15902#breadcrumb\"},\"inLanguage\":\"pt-BR\",\"potentialAction\":[{\"@type\":\"ReadAction\",\"target\":[\"https:\\\/\\\/pacific-excellence.com.br\\\/?page_id=15902\"]}]},{\"@type\":\"BreadcrumbList\",\"@id\":\"https:\\\/\\\/pacific-excellence.com.br\\\/?page_id=15902#breadcrumb\",\"itemListElement\":[{\"@type\":\"ListItem\",\"position\":1,\"name\":\"In\u00edcio\",\"item\":\"https:\\\/\\\/pacific-excellence.com.br\\\/\"},{\"@type\":\"ListItem\",\"position\":2,\"name\":\"Nuvem (Administra\u00e7\u00e3o)\"}]},{\"@type\":\"WebSite\",\"@id\":\"https:\\\/\\\/pacific-excellence.com.br\\\/#website\",\"url\":\"https:\\\/\\\/pacific-excellence.com.br\\\/\",\"name\":\"Pacific Excellence\",\"description\":\"Excel\u00eancia em TI e Impress\u00e3o.\",\"potentialAction\":[{\"@type\":\"SearchAction\",\"target\":{\"@type\":\"EntryPoint\",\"urlTemplate\":\"https:\\\/\\\/pacific-excellence.com.br\\\/?s={search_term_string}\"},\"query-input\":{\"@type\":\"PropertyValueSpecification\",\"valueRequired\":true,\"valueName\":\"search_term_string\"}}],\"inLanguage\":\"pt-BR\"}]}<\/script>\n<!-- \/ Yoast SEO plugin. -->","yoast_head_json":{"title":"Nuvem (Administra\u00e7\u00e3o) - Pacific Excellence","robots":{"index":"index","follow":"follow","max-snippet":"max-snippet:-1","max-image-preview":"max-image-preview:large","max-video-preview":"max-video-preview:-1"},"canonical":"https:\/\/pacific-excellence.com.br\/?page_id=15902","og_locale":"pt_BR","og_type":"article","og_title":"Nuvem (Administra\u00e7\u00e3o) - Pacific Excellence","og_description":"[vc_row][vc_column][vc_column_text]Otimize sua transforma\u00e7\u00e3o digital com acesso ao conhecimento de neg\u00f3cios, \u00e0 tecnologia e ao mercado. Desde o desenvolvimento de uma estrat\u00e9gia abrangente at\u00e9 a implementa\u00e7\u00e3o, e o gerenciamento de ambientes de nuvem robustos, os especialistas da Pacific Excellence s\u00e3o dedicados a garantir que voc\u00ea aproveite tudo o que a nuvem pode proporcionar. Oferecemos lideran\u00e7a e [&hellip;]","og_url":"https:\/\/pacific-excellence.com.br\/?page_id=15902","og_site_name":"Pacific Excellence","article_modified_time":"2020-11-05T19:26:36+00:00","twitter_card":"summary_large_image","twitter_misc":{"Est. tempo de leitura":"2 minutos"},"schema":{"@context":"https:\/\/schema.org","@graph":[{"@type":"WebPage","@id":"https:\/\/pacific-excellence.com.br\/?page_id=15902","url":"https:\/\/pacific-excellence.com.br\/?page_id=15902","name":"Nuvem (Administra\u00e7\u00e3o) - Pacific Excellence","isPartOf":{"@id":"https:\/\/pacific-excellence.com.br\/#website"},"datePublished":"2020-11-05T15:32:39+00:00","dateModified":"2020-11-05T19:26:36+00:00","breadcrumb":{"@id":"https:\/\/pacific-excellence.com.br\/?page_id=15902#breadcrumb"},"inLanguage":"pt-BR","potentialAction":[{"@type":"ReadAction","target":["https:\/\/pacific-excellence.com.br\/?page_id=15902"]}]},{"@type":"BreadcrumbList","@id":"https:\/\/pacific-excellence.com.br\/?page_id=15902#breadcrumb","itemListElement":[{"@type":"ListItem","position":1,"name":"In\u00edcio","item":"https:\/\/pacific-excellence.com.br\/"},{"@type":"ListItem","position":2,"name":"Nuvem (Administra\u00e7\u00e3o)"}]},{"@type":"WebSite","@id":"https:\/\/pacific-excellence.com.br\/#website","url":"https:\/\/pacific-excellence.com.br\/","name":"Pacific Excellence","description":"Excel\u00eancia em TI e Impress\u00e3o.","potentialAction":[{"@type":"SearchAction","target":{"@type":"EntryPoint","urlTemplate":"https:\/\/pacific-excellence.com.br\/?s={search_term_string}"},"query-input":{"@type":"PropertyValueSpecification","valueRequired":true,"valueName":"search_term_string"}}],"inLanguage":"pt-BR"}]}},"_links":{"self":[{"href":"https:\/\/pacific-excellence.com.br\/index.php?rest_route=\/wp\/v2\/pages\/15902","targetHints":{"allow":["GET"]}}],"collection":[{"href":"https:\/\/pacific-excellence.com.br\/index.php?rest_route=\/wp\/v2\/pages"}],"about":[{"href":"https:\/\/pacific-excellence.com.br\/index.php?rest_route=\/wp\/v2\/types\/page"}],"author":[{"embeddable":true,"href":"https:\/\/pacific-excellence.com.br\/index.php?rest_route=\/wp\/v2\/users\/1"}],"replies":[{"embeddable":true,"href":"https:\/\/pacific-excellence.com.br\/index.php?rest_route=%2Fwp%2Fv2%2Fcomments&post=15902"}],"version-history":[{"count":4,"href":"https:\/\/pacific-excellence.com.br\/index.php?rest_route=\/wp\/v2\/pages\/15902\/revisions"}],"predecessor-version":[{"id":15943,"href":"https:\/\/pacific-excellence.com.br\/index.php?rest_route=\/wp\/v2\/pages\/15902\/revisions\/15943"}],"wp:attachment":[{"href":"https:\/\/pacific-excellence.com.br\/index.php?rest_route=%2Fwp%2Fv2%2Fmedia&parent=15902"}],"curies":[{"name":"wp","href":"https:\/\/api.w.org\/{rel}","templated":true}]}}