{"id":15906,"date":"2020-11-05T13:38:48","date_gmt":"2020-11-05T15:38:48","guid":{"rendered":"https:\/\/pacific-excellence.com.br\/?page_id=15906"},"modified":"2020-11-05T17:23:12","modified_gmt":"2020-11-05T19:23:12","slug":"gerenciamento-de-links","status":"publish","type":"page","link":"https:\/\/pacific-excellence.com.br\/?page_id=15906","title":{"rendered":"Gerenciamento de Links"},"content":{"rendered":"<p>[vc_row][vc_column][vc_column_text]A computa\u00e7\u00e3o em nuvem trouxe in\u00fameros benef\u00edcios para o mundo corporativo e pessoal, isso \u00e9 indiscut\u00edvel. Mas tamb\u00e9m tornou a utiliza\u00e7\u00e3o da internet imprescind\u00edvel.<br \/>\nSem internet n\u00e3o \u00e9 poss\u00edvel acessar arquivos e\/ou sistema em nuvem.<\/p>\n<p><strong>Ent\u00e3o o que fazer? Contratar um link dedicado por R$ 1000,00 ao m\u00eas?<\/strong><br \/>\nCertamente a qualidade e disponibilidade de um link dedicado \u00e9 indiscut\u00edvel.<\/p>\n<p><strong>Isso significa que ele nunca fica indispon\u00edvel?<\/strong><br \/>\nN\u00e3o, ele pode sim cair ou ficar lento.<\/p>\n<p><strong>Justifica o alto custo mensal?<\/strong><br \/>\nIsso vai depender do fluxo de informa\u00e7\u00f5es de seu neg\u00f3cio. Geralmente n\u00e3o justifica.<\/p>\n<p><strong>Qual a alternativa?<\/strong><br \/>\nA alternativa que oferecemos \u00e9 a contrata\u00e7\u00e3o de 2 ou mais links comuns \u2013 2 a 3 links comuns na maioria das vezes n\u00e3o chegam a custar um ter\u00e7o do valor de 1 link dedicado. Na sequ\u00eancia fazemos a configura\u00e7\u00e3o de todos os links em um Appliance, e no Appliance faremos a gest\u00e3o destes links e o servi\u00e7o de Firewall.<\/p>\n<p><strong>Como funciona na pr\u00e1tica?<\/strong><br \/>\n1) Se um link cair o outro assume, ou seja, o acesso ficar\u00e1 apenas alguns segundos &#8220;sem internet&#8221; aos olhos dos usu\u00e1rios;<br \/>\n2) A empresa s\u00f3 fica realmente sem internet se todos os links ca\u00edrem juntos, por isso a import\u00e2ncia de ter fornecedores distintos;<br \/>\n3) \u00c9 poss\u00edvel designar determinado link de internet a um determinado setor, caso esse setor demande maior velocidade e\/ou disponibilidade de internet;<br \/>\n4) \u00c9 poss\u00edvel realizar bloqueio de acesso a sites e aplicativos\/apps n\u00e3o autorizados;<br \/>\n5) \u00c9 poss\u00edvel realizar esses bloqueios somente nos hor\u00e1rios determinados ou desbloqueio.[\/vc_column_text][\/vc_column][\/vc_row][vc_row][vc_column][vc_column_text]<strong>Solicite j\u00e1 um or\u00e7amento atrav\u00e9s de <a href=\"mailto:contato@pacific-excellence.com.br\">contato@pacific-excellence.com.br<\/a><\/strong>[\/vc_column_text][\/vc_column][\/vc_row]<\/p>\n","protected":false},"excerpt":{"rendered":"<p>[vc_row][vc_column][vc_column_text]A computa\u00e7\u00e3o em nuvem trouxe in\u00fameros benef\u00edcios para o mundo corporativo e pessoal, isso \u00e9 indiscut\u00edvel. Mas tamb\u00e9m tornou a utiliza\u00e7\u00e3o da internet imprescind\u00edvel. Sem internet n\u00e3o \u00e9 poss\u00edvel acessar arquivos e\/ou sistema em nuvem. Ent\u00e3o o que fazer? Contratar um link dedicado por R$ 1000,00 ao m\u00eas? Certamente a qualidade e disponibilidade de um [&hellip;]<\/p>\n","protected":false},"author":1,"featured_media":0,"parent":0,"menu_order":0,"comment_status":"closed","ping_status":"closed","template":"","meta":{"footnotes":""},"class_list":["post-15906","page","type-page","status-publish","hentry"],"yoast_head":"<!-- This site is optimized with the Yoast SEO plugin v27.3 - https:\/\/yoast.com\/product\/yoast-seo-wordpress\/ -->\n<title>Gerenciamento de Links - Pacific Excellence<\/title>\n<meta name=\"robots\" content=\"index, follow, max-snippet:-1, max-image-preview:large, max-video-preview:-1\" \/>\n<link rel=\"canonical\" href=\"https:\/\/pacific-excellence.com.br\/?page_id=15906\" \/>\n<meta property=\"og:locale\" content=\"pt_BR\" \/>\n<meta property=\"og:type\" content=\"article\" \/>\n<meta property=\"og:title\" content=\"Gerenciamento de Links - Pacific Excellence\" \/>\n<meta property=\"og:description\" content=\"[vc_row][vc_column][vc_column_text]A computa\u00e7\u00e3o em nuvem trouxe in\u00fameros benef\u00edcios para o mundo corporativo e pessoal, isso \u00e9 indiscut\u00edvel. Mas tamb\u00e9m tornou a utiliza\u00e7\u00e3o da internet imprescind\u00edvel. Sem internet n\u00e3o \u00e9 poss\u00edvel acessar arquivos e\/ou sistema em nuvem. Ent\u00e3o o que fazer? Contratar um link dedicado por R$ 1000,00 ao m\u00eas? Certamente a qualidade e disponibilidade de um [&hellip;]\" \/>\n<meta property=\"og:url\" content=\"https:\/\/pacific-excellence.com.br\/?page_id=15906\" \/>\n<meta property=\"og:site_name\" content=\"Pacific Excellence\" \/>\n<meta property=\"article:modified_time\" content=\"2020-11-05T19:23:12+00:00\" \/>\n<meta name=\"twitter:card\" content=\"summary_large_image\" \/>\n<meta name=\"twitter:label1\" content=\"Est. tempo de leitura\" \/>\n\t<meta name=\"twitter:data1\" content=\"2 minutos\" \/>\n<script type=\"application\/ld+json\" class=\"yoast-schema-graph\">{\"@context\":\"https:\\\/\\\/schema.org\",\"@graph\":[{\"@type\":\"WebPage\",\"@id\":\"https:\\\/\\\/pacific-excellence.com.br\\\/?page_id=15906\",\"url\":\"https:\\\/\\\/pacific-excellence.com.br\\\/?page_id=15906\",\"name\":\"Gerenciamento de Links - Pacific Excellence\",\"isPartOf\":{\"@id\":\"https:\\\/\\\/pacific-excellence.com.br\\\/#website\"},\"datePublished\":\"2020-11-05T15:38:48+00:00\",\"dateModified\":\"2020-11-05T19:23:12+00:00\",\"breadcrumb\":{\"@id\":\"https:\\\/\\\/pacific-excellence.com.br\\\/?page_id=15906#breadcrumb\"},\"inLanguage\":\"pt-BR\",\"potentialAction\":[{\"@type\":\"ReadAction\",\"target\":[\"https:\\\/\\\/pacific-excellence.com.br\\\/?page_id=15906\"]}]},{\"@type\":\"BreadcrumbList\",\"@id\":\"https:\\\/\\\/pacific-excellence.com.br\\\/?page_id=15906#breadcrumb\",\"itemListElement\":[{\"@type\":\"ListItem\",\"position\":1,\"name\":\"In\u00edcio\",\"item\":\"https:\\\/\\\/pacific-excellence.com.br\\\/\"},{\"@type\":\"ListItem\",\"position\":2,\"name\":\"Gerenciamento de Links\"}]},{\"@type\":\"WebSite\",\"@id\":\"https:\\\/\\\/pacific-excellence.com.br\\\/#website\",\"url\":\"https:\\\/\\\/pacific-excellence.com.br\\\/\",\"name\":\"Pacific Excellence\",\"description\":\"Excel\u00eancia em TI e Impress\u00e3o.\",\"potentialAction\":[{\"@type\":\"SearchAction\",\"target\":{\"@type\":\"EntryPoint\",\"urlTemplate\":\"https:\\\/\\\/pacific-excellence.com.br\\\/?s={search_term_string}\"},\"query-input\":{\"@type\":\"PropertyValueSpecification\",\"valueRequired\":true,\"valueName\":\"search_term_string\"}}],\"inLanguage\":\"pt-BR\"}]}<\/script>\n<!-- \/ Yoast SEO plugin. -->","yoast_head_json":{"title":"Gerenciamento de Links - Pacific Excellence","robots":{"index":"index","follow":"follow","max-snippet":"max-snippet:-1","max-image-preview":"max-image-preview:large","max-video-preview":"max-video-preview:-1"},"canonical":"https:\/\/pacific-excellence.com.br\/?page_id=15906","og_locale":"pt_BR","og_type":"article","og_title":"Gerenciamento de Links - Pacific Excellence","og_description":"[vc_row][vc_column][vc_column_text]A computa\u00e7\u00e3o em nuvem trouxe in\u00fameros benef\u00edcios para o mundo corporativo e pessoal, isso \u00e9 indiscut\u00edvel. Mas tamb\u00e9m tornou a utiliza\u00e7\u00e3o da internet imprescind\u00edvel. Sem internet n\u00e3o \u00e9 poss\u00edvel acessar arquivos e\/ou sistema em nuvem. Ent\u00e3o o que fazer? Contratar um link dedicado por R$ 1000,00 ao m\u00eas? Certamente a qualidade e disponibilidade de um [&hellip;]","og_url":"https:\/\/pacific-excellence.com.br\/?page_id=15906","og_site_name":"Pacific Excellence","article_modified_time":"2020-11-05T19:23:12+00:00","twitter_card":"summary_large_image","twitter_misc":{"Est. tempo de leitura":"2 minutos"},"schema":{"@context":"https:\/\/schema.org","@graph":[{"@type":"WebPage","@id":"https:\/\/pacific-excellence.com.br\/?page_id=15906","url":"https:\/\/pacific-excellence.com.br\/?page_id=15906","name":"Gerenciamento de Links - Pacific Excellence","isPartOf":{"@id":"https:\/\/pacific-excellence.com.br\/#website"},"datePublished":"2020-11-05T15:38:48+00:00","dateModified":"2020-11-05T19:23:12+00:00","breadcrumb":{"@id":"https:\/\/pacific-excellence.com.br\/?page_id=15906#breadcrumb"},"inLanguage":"pt-BR","potentialAction":[{"@type":"ReadAction","target":["https:\/\/pacific-excellence.com.br\/?page_id=15906"]}]},{"@type":"BreadcrumbList","@id":"https:\/\/pacific-excellence.com.br\/?page_id=15906#breadcrumb","itemListElement":[{"@type":"ListItem","position":1,"name":"In\u00edcio","item":"https:\/\/pacific-excellence.com.br\/"},{"@type":"ListItem","position":2,"name":"Gerenciamento de Links"}]},{"@type":"WebSite","@id":"https:\/\/pacific-excellence.com.br\/#website","url":"https:\/\/pacific-excellence.com.br\/","name":"Pacific Excellence","description":"Excel\u00eancia em TI e Impress\u00e3o.","potentialAction":[{"@type":"SearchAction","target":{"@type":"EntryPoint","urlTemplate":"https:\/\/pacific-excellence.com.br\/?s={search_term_string}"},"query-input":{"@type":"PropertyValueSpecification","valueRequired":true,"valueName":"search_term_string"}}],"inLanguage":"pt-BR"}]}},"_links":{"self":[{"href":"https:\/\/pacific-excellence.com.br\/index.php?rest_route=\/wp\/v2\/pages\/15906","targetHints":{"allow":["GET"]}}],"collection":[{"href":"https:\/\/pacific-excellence.com.br\/index.php?rest_route=\/wp\/v2\/pages"}],"about":[{"href":"https:\/\/pacific-excellence.com.br\/index.php?rest_route=\/wp\/v2\/types\/page"}],"author":[{"embeddable":true,"href":"https:\/\/pacific-excellence.com.br\/index.php?rest_route=\/wp\/v2\/users\/1"}],"replies":[{"embeddable":true,"href":"https:\/\/pacific-excellence.com.br\/index.php?rest_route=%2Fwp%2Fv2%2Fcomments&post=15906"}],"version-history":[{"count":4,"href":"https:\/\/pacific-excellence.com.br\/index.php?rest_route=\/wp\/v2\/pages\/15906\/revisions"}],"predecessor-version":[{"id":15941,"href":"https:\/\/pacific-excellence.com.br\/index.php?rest_route=\/wp\/v2\/pages\/15906\/revisions\/15941"}],"wp:attachment":[{"href":"https:\/\/pacific-excellence.com.br\/index.php?rest_route=%2Fwp%2Fv2%2Fmedia&parent=15906"}],"curies":[{"name":"wp","href":"https:\/\/api.w.org\/{rel}","templated":true}]}}