{"id":15910,"date":"2020-11-05T13:46:51","date_gmt":"2020-11-05T15:46:51","guid":{"rendered":"https:\/\/pacific-excellence.com.br\/?page_id=15910"},"modified":"2020-11-05T17:27:30","modified_gmt":"2020-11-05T19:27:30","slug":"vpn-rede-privada-entre-matriz-e-filiais","status":"publish","type":"page","link":"https:\/\/pacific-excellence.com.br\/?page_id=15910","title":{"rendered":"VPN &#8211; Rede privada entre matriz e filiais"},"content":{"rendered":"<p>[vc_row][vc_column][vc_column_text]A VPN fornece um acesso seguro e est\u00e1vel entre a matriz do cliente e suas filiais.<\/p>\n<p>Na pr\u00e1tica os usu\u00e1rios da matriz acessam a filial, e vice-versa. Como se todos os computadores estivessem na mesma rede. Isso ocorre de forma segura atrav\u00e9s da VPN (Virtual Private Network).[\/vc_column_text][\/vc_column][\/vc_row][vc_row][vc_column][vc_column_text]<strong>Solicite j\u00e1 um or\u00e7amento atrav\u00e9s de <a href=\"mailto:contato@pacific-excellence.com.br\">contato@pacific-excellence.com.br<\/a><\/strong>[\/vc_column_text][\/vc_column][\/vc_row]<\/p>\n","protected":false},"excerpt":{"rendered":"<p>[vc_row][vc_column][vc_column_text]A VPN fornece um acesso seguro e est\u00e1vel entre a matriz do cliente e suas filiais. Na pr\u00e1tica os usu\u00e1rios da matriz acessam a filial, e vice-versa. Como se todos os computadores estivessem na mesma rede. Isso ocorre de forma segura atrav\u00e9s da VPN (Virtual Private Network).[\/vc_column_text][\/vc_column][\/vc_row][vc_row][vc_column][vc_column_text]Solicite j\u00e1 um or\u00e7amento atrav\u00e9s de contato@pacific-excellence.com.br[\/vc_column_text][\/vc_column][\/vc_row]<\/p>\n","protected":false},"author":1,"featured_media":0,"parent":0,"menu_order":0,"comment_status":"closed","ping_status":"closed","template":"","meta":{"footnotes":""},"class_list":["post-15910","page","type-page","status-publish","hentry"],"yoast_head":"<!-- This site is optimized with the Yoast SEO plugin v27.3 - https:\/\/yoast.com\/product\/yoast-seo-wordpress\/ -->\n<title>VPN - Rede privada entre matriz e filiais - Pacific Excellence<\/title>\n<meta name=\"robots\" content=\"index, follow, max-snippet:-1, max-image-preview:large, max-video-preview:-1\" \/>\n<link rel=\"canonical\" href=\"https:\/\/pacific-excellence.com.br\/?page_id=15910\" \/>\n<meta property=\"og:locale\" content=\"pt_BR\" \/>\n<meta property=\"og:type\" content=\"article\" \/>\n<meta property=\"og:title\" content=\"VPN - Rede privada entre matriz e filiais - Pacific Excellence\" \/>\n<meta property=\"og:description\" content=\"[vc_row][vc_column][vc_column_text]A VPN fornece um acesso seguro e est\u00e1vel entre a matriz do cliente e suas filiais. Na pr\u00e1tica os usu\u00e1rios da matriz acessam a filial, e vice-versa. Como se todos os computadores estivessem na mesma rede. Isso ocorre de forma segura atrav\u00e9s da VPN (Virtual Private Network).[\/vc_column_text][\/vc_column][\/vc_row][vc_row][vc_column][vc_column_text]Solicite j\u00e1 um or\u00e7amento atrav\u00e9s de contato@pacific-excellence.com.br[\/vc_column_text][\/vc_column][\/vc_row]\" \/>\n<meta property=\"og:url\" content=\"https:\/\/pacific-excellence.com.br\/?page_id=15910\" \/>\n<meta property=\"og:site_name\" content=\"Pacific Excellence\" \/>\n<meta property=\"article:modified_time\" content=\"2020-11-05T19:27:30+00:00\" \/>\n<meta name=\"twitter:card\" content=\"summary_large_image\" \/>\n<script type=\"application\/ld+json\" class=\"yoast-schema-graph\">{\"@context\":\"https:\\\/\\\/schema.org\",\"@graph\":[{\"@type\":\"WebPage\",\"@id\":\"https:\\\/\\\/pacific-excellence.com.br\\\/?page_id=15910\",\"url\":\"https:\\\/\\\/pacific-excellence.com.br\\\/?page_id=15910\",\"name\":\"VPN - Rede privada entre matriz e filiais - Pacific Excellence\",\"isPartOf\":{\"@id\":\"https:\\\/\\\/pacific-excellence.com.br\\\/#website\"},\"datePublished\":\"2020-11-05T15:46:51+00:00\",\"dateModified\":\"2020-11-05T19:27:30+00:00\",\"breadcrumb\":{\"@id\":\"https:\\\/\\\/pacific-excellence.com.br\\\/?page_id=15910#breadcrumb\"},\"inLanguage\":\"pt-BR\",\"potentialAction\":[{\"@type\":\"ReadAction\",\"target\":[\"https:\\\/\\\/pacific-excellence.com.br\\\/?page_id=15910\"]}]},{\"@type\":\"BreadcrumbList\",\"@id\":\"https:\\\/\\\/pacific-excellence.com.br\\\/?page_id=15910#breadcrumb\",\"itemListElement\":[{\"@type\":\"ListItem\",\"position\":1,\"name\":\"In\u00edcio\",\"item\":\"https:\\\/\\\/pacific-excellence.com.br\\\/\"},{\"@type\":\"ListItem\",\"position\":2,\"name\":\"VPN &#8211; Rede privada entre matriz e filiais\"}]},{\"@type\":\"WebSite\",\"@id\":\"https:\\\/\\\/pacific-excellence.com.br\\\/#website\",\"url\":\"https:\\\/\\\/pacific-excellence.com.br\\\/\",\"name\":\"Pacific Excellence\",\"description\":\"Excel\u00eancia em TI e Impress\u00e3o.\",\"potentialAction\":[{\"@type\":\"SearchAction\",\"target\":{\"@type\":\"EntryPoint\",\"urlTemplate\":\"https:\\\/\\\/pacific-excellence.com.br\\\/?s={search_term_string}\"},\"query-input\":{\"@type\":\"PropertyValueSpecification\",\"valueRequired\":true,\"valueName\":\"search_term_string\"}}],\"inLanguage\":\"pt-BR\"}]}<\/script>\n<!-- \/ Yoast SEO plugin. -->","yoast_head_json":{"title":"VPN - Rede privada entre matriz e filiais - Pacific Excellence","robots":{"index":"index","follow":"follow","max-snippet":"max-snippet:-1","max-image-preview":"max-image-preview:large","max-video-preview":"max-video-preview:-1"},"canonical":"https:\/\/pacific-excellence.com.br\/?page_id=15910","og_locale":"pt_BR","og_type":"article","og_title":"VPN - Rede privada entre matriz e filiais - Pacific Excellence","og_description":"[vc_row][vc_column][vc_column_text]A VPN fornece um acesso seguro e est\u00e1vel entre a matriz do cliente e suas filiais. Na pr\u00e1tica os usu\u00e1rios da matriz acessam a filial, e vice-versa. Como se todos os computadores estivessem na mesma rede. Isso ocorre de forma segura atrav\u00e9s da VPN (Virtual Private Network).[\/vc_column_text][\/vc_column][\/vc_row][vc_row][vc_column][vc_column_text]Solicite j\u00e1 um or\u00e7amento atrav\u00e9s de contato@pacific-excellence.com.br[\/vc_column_text][\/vc_column][\/vc_row]","og_url":"https:\/\/pacific-excellence.com.br\/?page_id=15910","og_site_name":"Pacific Excellence","article_modified_time":"2020-11-05T19:27:30+00:00","twitter_card":"summary_large_image","schema":{"@context":"https:\/\/schema.org","@graph":[{"@type":"WebPage","@id":"https:\/\/pacific-excellence.com.br\/?page_id=15910","url":"https:\/\/pacific-excellence.com.br\/?page_id=15910","name":"VPN - Rede privada entre matriz e filiais - Pacific Excellence","isPartOf":{"@id":"https:\/\/pacific-excellence.com.br\/#website"},"datePublished":"2020-11-05T15:46:51+00:00","dateModified":"2020-11-05T19:27:30+00:00","breadcrumb":{"@id":"https:\/\/pacific-excellence.com.br\/?page_id=15910#breadcrumb"},"inLanguage":"pt-BR","potentialAction":[{"@type":"ReadAction","target":["https:\/\/pacific-excellence.com.br\/?page_id=15910"]}]},{"@type":"BreadcrumbList","@id":"https:\/\/pacific-excellence.com.br\/?page_id=15910#breadcrumb","itemListElement":[{"@type":"ListItem","position":1,"name":"In\u00edcio","item":"https:\/\/pacific-excellence.com.br\/"},{"@type":"ListItem","position":2,"name":"VPN &#8211; Rede privada entre matriz e filiais"}]},{"@type":"WebSite","@id":"https:\/\/pacific-excellence.com.br\/#website","url":"https:\/\/pacific-excellence.com.br\/","name":"Pacific Excellence","description":"Excel\u00eancia em TI e Impress\u00e3o.","potentialAction":[{"@type":"SearchAction","target":{"@type":"EntryPoint","urlTemplate":"https:\/\/pacific-excellence.com.br\/?s={search_term_string}"},"query-input":{"@type":"PropertyValueSpecification","valueRequired":true,"valueName":"search_term_string"}}],"inLanguage":"pt-BR"}]}},"_links":{"self":[{"href":"https:\/\/pacific-excellence.com.br\/index.php?rest_route=\/wp\/v2\/pages\/15910","targetHints":{"allow":["GET"]}}],"collection":[{"href":"https:\/\/pacific-excellence.com.br\/index.php?rest_route=\/wp\/v2\/pages"}],"about":[{"href":"https:\/\/pacific-excellence.com.br\/index.php?rest_route=\/wp\/v2\/types\/page"}],"author":[{"embeddable":true,"href":"https:\/\/pacific-excellence.com.br\/index.php?rest_route=\/wp\/v2\/users\/1"}],"replies":[{"embeddable":true,"href":"https:\/\/pacific-excellence.com.br\/index.php?rest_route=%2Fwp%2Fv2%2Fcomments&post=15910"}],"version-history":[{"count":4,"href":"https:\/\/pacific-excellence.com.br\/index.php?rest_route=\/wp\/v2\/pages\/15910\/revisions"}],"predecessor-version":[{"id":15944,"href":"https:\/\/pacific-excellence.com.br\/index.php?rest_route=\/wp\/v2\/pages\/15910\/revisions\/15944"}],"wp:attachment":[{"href":"https:\/\/pacific-excellence.com.br\/index.php?rest_route=%2Fwp%2Fv2%2Fmedia&parent=15910"}],"curies":[{"name":"wp","href":"https:\/\/api.w.org\/{rel}","templated":true}]}}