{"id":15914,"date":"2020-11-05T13:52:48","date_gmt":"2020-11-05T15:52:48","guid":{"rendered":"https:\/\/pacific-excellence.com.br\/?page_id=15914"},"modified":"2020-11-13T18:54:20","modified_gmt":"2020-11-13T20:54:20","slug":"lgpd-lei-geral-de-protecao-de-dados","status":"publish","type":"page","link":"https:\/\/pacific-excellence.com.br\/?page_id=15914","title":{"rendered":"LGPD &#8211; Lei Geral de Prote\u00e7\u00e3o de Dados"},"content":{"rendered":"<p>[vc_row][vc_column][vc_column_text]A lei n\u00ba 13.709\/2018 \u2013 conhecida como LGPD (Lei Geral de Prote\u00e7\u00e3o de Dados) \u2013 \u00e9 a legisla\u00e7\u00e3o brasileira que regula as atividades de tratamento de dados pessoais, e que tamb\u00e9m altera os artigos 7\u00ba e 16\u00ba do Marco Civil da Internet, trazendo san\u00e7\u00f5es severas aos que n\u00e3o estiverem cumprindo suas determina\u00e7\u00f5es.<\/p>\n<p><strong>Quais s\u00e3o os principais aspectos da LGPD?<\/strong><br \/>\nO principal aspecto da lei \u00e9 a determina\u00e7\u00e3o para que todo e qualquer tipo de dado que identifique ou torne uma pessoa identific\u00e1vel \u2013 incluindo dados cadastrais, gen\u00e9ticos, biom\u00e9tricos, fisiol\u00f3gicos, mentais, de localiza\u00e7\u00e3o, econ\u00f4micos, culturais, sociais, dentre outros \u2013 seja protegido, introduzindo regras espec\u00edficas para a recep\u00e7\u00e3o, tratamento, utiliza\u00e7\u00e3o e sigilo destas informa\u00e7\u00f5es. \u00c9 importante salientar que essa determina\u00e7\u00e3o se estende inclusive aos dados coletados antes da san\u00e7\u00e3o da lei e tamb\u00e9m aos subcontratados de uma organiza\u00e7\u00e3o, como fornecedores e parceiros de tecnologia, exigindo uma an\u00e1lise criteriosa de todo o processo.<\/p>\n<p><strong>Quais s\u00e3o os principais desafios da LGPD para as organiza\u00e7\u00f5es?<\/strong>Consentimento: quando aplic\u00e1vel, a organiza\u00e7\u00e3o dever\u00e1 obter o consentimento do titular para utiliza\u00e7\u00e3o de seus dados, de maneira expl\u00edcita e por ato inequ\u00edvoco. Retirar esse consentimento dever\u00e1 ser t\u00e3o simples quanto conced\u00ea-lo.<\/p>\n<p>Cumprimento: ser\u00e1 necess\u00e1rio documentar o cumprimento de todas as etapas da lei, mantendo registros comprobat\u00f3rios de todos os passos.<\/p>\n<p>Capacita\u00e7\u00e3o: com as novas regras vigentes da LGPD as organiza\u00e7\u00f5es precisam se capacitar para atender os novos direitos e deveres que ela traz, como por exemplo a capacidade de transmitir esses dados a outros prestadores de servi\u00e7o, quando autorizado, e a capacidade apagar esses dados, dando o direito ao titular de \u201cesquecimento\u201d.<\/p>\n<p>Comunica\u00e7\u00e3o: a organiza\u00e7\u00e3o dever\u00e1 estar preparada para comunicar imediatamente o titular do dado e a Autoridade Nacional de Prote\u00e7\u00e3o de Dados, ANPD, sobre toda e qualquer viola\u00e7\u00e3o que ofere\u00e7a risco de vazamento de informa\u00e7\u00f5es.<\/p>\n<p>Cuidados: a guarda dos dados ser\u00e1 de responsabilidade da empresa que os coletou. Para isso, o direcionamento dos investimentos da \u00e1rea de seguran\u00e7a de dados (confidencialidade, integridade e disponibilidade) dever\u00e3o ser feitos ou reavaliados.<\/p>\n<p>Contrata\u00e7\u00e3o: as organiza\u00e7\u00f5es que controlem regularmente dados pessoais em grande escala e\/ou que tratem dados sens\u00edveis em grande escala, dever\u00e3o nomear um DPO (Data Protection Officer) que ficar\u00e1 encarregado da prote\u00e7\u00e3o destes dados.<\/p>\n<p>Controle: com as regras da LGPD sendo estendidas aos subcontratados e parceiros das organiza\u00e7\u00f5es, o controle sobre todo o processo dever\u00e1 ser aumentado e testado periodicamente.<\/p>\n<p><strong>Como a Pacific Excellence pode auxiliar sua organiza\u00e7\u00e3o no processo de adapta\u00e7\u00e3o \u00e0 LGPD?<\/strong><br \/>\nNossa metodologia \u00e9 baseada em uma abordagem de quatro fases: onde avaliamos o impacto da Lei em sua organiza\u00e7\u00e3o, diagnosticamos o que precisa ser adaptado, orientamos como cumprir as exig\u00eancias necess\u00e1rias, e como fazer a manuten\u00e7\u00e3o desse processo.<\/p>\n<p><strong>Avalia\u00e7\u00e3o para LGPD<\/strong><br \/>\nAvalia\u00e7\u00e3o dos sistemas de gest\u00e3o de seguran\u00e7a da informa\u00e7\u00e3o;<br \/>\nAvalia\u00e7\u00e3o das pol\u00edticas de gerenciamento e invent\u00e1rio de dados existentes;<br \/>\nAvalia\u00e7\u00e3o de procedimentos e sistemas de gest\u00e3o de riscos;<br \/>\nAvalia\u00e7\u00e3o de subcontratadas, responsabilidades e contratos.<\/p>\n<p><strong>Adequa\u00e7\u00e3o \u00e0 LGPD<\/strong><br \/>\nMapeamento dos riscos existentes;<br \/>\nOp\u00e7\u00f5es atuais e sugest\u00f5es;<br \/>\nCronograma de a\u00e7\u00e3o;<br \/>\nPlano de investimentos.<\/p>\n<p><strong>Cumprimento da LGPD<\/strong><br \/>\nDefini\u00e7\u00e3o e reda\u00e7\u00e3o das pol\u00edticas internas de privacidade;<br \/>\nFormaliza\u00e7\u00e3o das quest\u00f5es de governan\u00e7a;<br \/>\nDefini\u00e7\u00e3o dos mecanismos de consentimento;<br \/>\nRevis\u00e3o dos contratos com subcontratados;<br \/>\nSistemas de monitoramento e controle.<\/p>\n<p><strong>Manuten\u00e7\u00e3o da LGPD<\/strong><br \/>\nFun\u00e7\u00e3o de DPO externo;<br \/>\nTreinamentos gerais e espec\u00edficos;<br \/>\nAuditorias de conformidade;<br \/>\nAvalia\u00e7\u00e3o de impacto de privacidade;<br \/>\nTeste de intrus\u00e3o e mapa de vulnerabilidade.[\/vc_column_text][\/vc_column][\/vc_row][vc_row][vc_column][vc_column_text]<strong>Solicite j\u00e1 um or\u00e7amento atrav\u00e9s de <a href=\"mailto:contato@pacific-excellence.com.br\">contato@pacific-excellence.com.br<\/a><\/strong>[\/vc_column_text][\/vc_column][\/vc_row]<\/p>\n","protected":false},"excerpt":{"rendered":"<p>[vc_row][vc_column][vc_column_text]A lei n\u00ba 13.709\/2018 \u2013 conhecida como LGPD (Lei Geral de Prote\u00e7\u00e3o de Dados) \u2013 \u00e9 a legisla\u00e7\u00e3o brasileira que regula as atividades de tratamento de dados pessoais, e que tamb\u00e9m altera os artigos 7\u00ba e 16\u00ba do Marco Civil da Internet, trazendo san\u00e7\u00f5es severas aos que n\u00e3o estiverem cumprindo suas determina\u00e7\u00f5es. Quais s\u00e3o os [&hellip;]<\/p>\n","protected":false},"author":1,"featured_media":0,"parent":0,"menu_order":0,"comment_status":"closed","ping_status":"closed","template":"","meta":{"footnotes":""},"class_list":["post-15914","page","type-page","status-publish","hentry"],"yoast_head":"<!-- This site is optimized with the Yoast SEO plugin v27.3 - https:\/\/yoast.com\/product\/yoast-seo-wordpress\/ -->\n<title>LGPD - Lei Geral de Prote\u00e7\u00e3o de Dados - Pacific Excellence<\/title>\n<meta name=\"robots\" content=\"index, follow, max-snippet:-1, max-image-preview:large, max-video-preview:-1\" \/>\n<link rel=\"canonical\" href=\"https:\/\/pacific-excellence.com.br\/?page_id=15914\" \/>\n<meta property=\"og:locale\" content=\"pt_BR\" \/>\n<meta property=\"og:type\" content=\"article\" \/>\n<meta property=\"og:title\" content=\"LGPD - Lei Geral de Prote\u00e7\u00e3o de Dados - Pacific Excellence\" \/>\n<meta property=\"og:description\" content=\"[vc_row][vc_column][vc_column_text]A lei n\u00ba 13.709\/2018 \u2013 conhecida como LGPD (Lei Geral de Prote\u00e7\u00e3o de Dados) \u2013 \u00e9 a legisla\u00e7\u00e3o brasileira que regula as atividades de tratamento de dados pessoais, e que tamb\u00e9m altera os artigos 7\u00ba e 16\u00ba do Marco Civil da Internet, trazendo san\u00e7\u00f5es severas aos que n\u00e3o estiverem cumprindo suas determina\u00e7\u00f5es. Quais s\u00e3o os [&hellip;]\" \/>\n<meta property=\"og:url\" content=\"https:\/\/pacific-excellence.com.br\/?page_id=15914\" \/>\n<meta property=\"og:site_name\" content=\"Pacific Excellence\" \/>\n<meta property=\"article:modified_time\" content=\"2020-11-13T20:54:20+00:00\" \/>\n<meta name=\"twitter:card\" content=\"summary_large_image\" \/>\n<meta name=\"twitter:label1\" content=\"Est. tempo de leitura\" \/>\n\t<meta name=\"twitter:data1\" content=\"3 minutos\" \/>\n<script type=\"application\/ld+json\" class=\"yoast-schema-graph\">{\"@context\":\"https:\\\/\\\/schema.org\",\"@graph\":[{\"@type\":\"WebPage\",\"@id\":\"https:\\\/\\\/pacific-excellence.com.br\\\/?page_id=15914\",\"url\":\"https:\\\/\\\/pacific-excellence.com.br\\\/?page_id=15914\",\"name\":\"LGPD - Lei Geral de Prote\u00e7\u00e3o de Dados - Pacific Excellence\",\"isPartOf\":{\"@id\":\"https:\\\/\\\/pacific-excellence.com.br\\\/#website\"},\"datePublished\":\"2020-11-05T15:52:48+00:00\",\"dateModified\":\"2020-11-13T20:54:20+00:00\",\"breadcrumb\":{\"@id\":\"https:\\\/\\\/pacific-excellence.com.br\\\/?page_id=15914#breadcrumb\"},\"inLanguage\":\"pt-BR\",\"potentialAction\":[{\"@type\":\"ReadAction\",\"target\":[\"https:\\\/\\\/pacific-excellence.com.br\\\/?page_id=15914\"]}]},{\"@type\":\"BreadcrumbList\",\"@id\":\"https:\\\/\\\/pacific-excellence.com.br\\\/?page_id=15914#breadcrumb\",\"itemListElement\":[{\"@type\":\"ListItem\",\"position\":1,\"name\":\"In\u00edcio\",\"item\":\"https:\\\/\\\/pacific-excellence.com.br\\\/\"},{\"@type\":\"ListItem\",\"position\":2,\"name\":\"LGPD &#8211; Lei Geral de Prote\u00e7\u00e3o de Dados\"}]},{\"@type\":\"WebSite\",\"@id\":\"https:\\\/\\\/pacific-excellence.com.br\\\/#website\",\"url\":\"https:\\\/\\\/pacific-excellence.com.br\\\/\",\"name\":\"Pacific Excellence\",\"description\":\"Excel\u00eancia em TI e Impress\u00e3o.\",\"potentialAction\":[{\"@type\":\"SearchAction\",\"target\":{\"@type\":\"EntryPoint\",\"urlTemplate\":\"https:\\\/\\\/pacific-excellence.com.br\\\/?s={search_term_string}\"},\"query-input\":{\"@type\":\"PropertyValueSpecification\",\"valueRequired\":true,\"valueName\":\"search_term_string\"}}],\"inLanguage\":\"pt-BR\"}]}<\/script>\n<!-- \/ Yoast SEO plugin. -->","yoast_head_json":{"title":"LGPD - Lei Geral de Prote\u00e7\u00e3o de Dados - Pacific Excellence","robots":{"index":"index","follow":"follow","max-snippet":"max-snippet:-1","max-image-preview":"max-image-preview:large","max-video-preview":"max-video-preview:-1"},"canonical":"https:\/\/pacific-excellence.com.br\/?page_id=15914","og_locale":"pt_BR","og_type":"article","og_title":"LGPD - Lei Geral de Prote\u00e7\u00e3o de Dados - Pacific Excellence","og_description":"[vc_row][vc_column][vc_column_text]A lei n\u00ba 13.709\/2018 \u2013 conhecida como LGPD (Lei Geral de Prote\u00e7\u00e3o de Dados) \u2013 \u00e9 a legisla\u00e7\u00e3o brasileira que regula as atividades de tratamento de dados pessoais, e que tamb\u00e9m altera os artigos 7\u00ba e 16\u00ba do Marco Civil da Internet, trazendo san\u00e7\u00f5es severas aos que n\u00e3o estiverem cumprindo suas determina\u00e7\u00f5es. Quais s\u00e3o os [&hellip;]","og_url":"https:\/\/pacific-excellence.com.br\/?page_id=15914","og_site_name":"Pacific Excellence","article_modified_time":"2020-11-13T20:54:20+00:00","twitter_card":"summary_large_image","twitter_misc":{"Est. tempo de leitura":"3 minutos"},"schema":{"@context":"https:\/\/schema.org","@graph":[{"@type":"WebPage","@id":"https:\/\/pacific-excellence.com.br\/?page_id=15914","url":"https:\/\/pacific-excellence.com.br\/?page_id=15914","name":"LGPD - Lei Geral de Prote\u00e7\u00e3o de Dados - Pacific Excellence","isPartOf":{"@id":"https:\/\/pacific-excellence.com.br\/#website"},"datePublished":"2020-11-05T15:52:48+00:00","dateModified":"2020-11-13T20:54:20+00:00","breadcrumb":{"@id":"https:\/\/pacific-excellence.com.br\/?page_id=15914#breadcrumb"},"inLanguage":"pt-BR","potentialAction":[{"@type":"ReadAction","target":["https:\/\/pacific-excellence.com.br\/?page_id=15914"]}]},{"@type":"BreadcrumbList","@id":"https:\/\/pacific-excellence.com.br\/?page_id=15914#breadcrumb","itemListElement":[{"@type":"ListItem","position":1,"name":"In\u00edcio","item":"https:\/\/pacific-excellence.com.br\/"},{"@type":"ListItem","position":2,"name":"LGPD &#8211; Lei Geral de Prote\u00e7\u00e3o de Dados"}]},{"@type":"WebSite","@id":"https:\/\/pacific-excellence.com.br\/#website","url":"https:\/\/pacific-excellence.com.br\/","name":"Pacific Excellence","description":"Excel\u00eancia em TI e Impress\u00e3o.","potentialAction":[{"@type":"SearchAction","target":{"@type":"EntryPoint","urlTemplate":"https:\/\/pacific-excellence.com.br\/?s={search_term_string}"},"query-input":{"@type":"PropertyValueSpecification","valueRequired":true,"valueName":"search_term_string"}}],"inLanguage":"pt-BR"}]}},"_links":{"self":[{"href":"https:\/\/pacific-excellence.com.br\/index.php?rest_route=\/wp\/v2\/pages\/15914","targetHints":{"allow":["GET"]}}],"collection":[{"href":"https:\/\/pacific-excellence.com.br\/index.php?rest_route=\/wp\/v2\/pages"}],"about":[{"href":"https:\/\/pacific-excellence.com.br\/index.php?rest_route=\/wp\/v2\/types\/page"}],"author":[{"embeddable":true,"href":"https:\/\/pacific-excellence.com.br\/index.php?rest_route=\/wp\/v2\/users\/1"}],"replies":[{"embeddable":true,"href":"https:\/\/pacific-excellence.com.br\/index.php?rest_route=%2Fwp%2Fv2%2Fcomments&post=15914"}],"version-history":[{"count":5,"href":"https:\/\/pacific-excellence.com.br\/index.php?rest_route=\/wp\/v2\/pages\/15914\/revisions"}],"predecessor-version":[{"id":15951,"href":"https:\/\/pacific-excellence.com.br\/index.php?rest_route=\/wp\/v2\/pages\/15914\/revisions\/15951"}],"wp:attachment":[{"href":"https:\/\/pacific-excellence.com.br\/index.php?rest_route=%2Fwp%2Fv2%2Fmedia&parent=15914"}],"curies":[{"name":"wp","href":"https:\/\/api.w.org\/{rel}","templated":true}]}}