{"id":16049,"date":"2022-01-18T16:54:49","date_gmt":"2022-01-18T18:54:49","guid":{"rendered":"https:\/\/pacific-excellence.com.br\/?page_id=16049"},"modified":"2024-01-24T13:31:04","modified_gmt":"2024-01-24T15:31:04","slug":"campanha-de-indicacao","status":"publish","type":"page","link":"https:\/\/pacific-excellence.com.br\/?page_id=16049","title":{"rendered":"CAMPANHA DE INDICA\u00c7\u00c3O"},"content":{"rendered":"<p>[vc_row][vc_column][vc_column_text]<\/p>\n<h3 class=\"wp-block-heading\">Indique nossos servi\u00e7os! Sua indica\u00e7\u00e3o ser\u00e1 revertida em benef\u00edcios e\/ou descontos para sua empresa ou para voc\u00ea pessoa f\u00edsica.<\/h3>\n\n<p><strong>Confira nosso regulamento:<br \/><\/strong>\u2013 Ap\u00f3s a indica\u00e7\u00e3o, faremos contato com o poss\u00edvel cliente e apresentaremos uma proposta;<br \/>\u2013 Os valores abaixo citados ter\u00e3o seu respectivo imposto abatido;<br aria-hidden=\"true\" \/>\u2013 Fechando um contrato atrav\u00e9s de sua indica\u00e7\u00e3o, o valor integral do primeiro m\u00eas ser\u00e1 revertido em cr\u00e9dito\/desconto para sua empresa (Indica\u00e7\u00e3o de Pessoa Jur\u00eddica), ou financeiramente a voc\u00ea (Indica\u00e7\u00e3o de Pessoa F\u00edsica);<br aria-hidden=\"true\" \/>\u2013 Fechando um servi\u00e7o avulso, 10% do valor de M.O (M\u00e3o de Obra) deste servi\u00e7o ser\u00e1 revertido em cr\u00e9dito\/desconto para sua empresa (Indica\u00e7\u00e3o de Pessoa Jur\u00eddica), ou financeiramente a voc\u00ea (Indica\u00e7\u00e3o de Pessoa F\u00edsica).<\/p>\n<p>[\/vc_column_text][\/vc_column][\/vc_row]<\/p>\n","protected":false},"excerpt":{"rendered":"<p>[vc_row][vc_column][vc_column_text] Indique nossos servi\u00e7os! Sua indica\u00e7\u00e3o ser\u00e1 revertida em benef\u00edcios e\/ou descontos para sua empresa ou para voc\u00ea pessoa f\u00edsica. Confira nosso regulamento:\u2013 Ap\u00f3s a indica\u00e7\u00e3o, faremos contato com o poss\u00edvel cliente e apresentaremos uma proposta;\u2013 Os valores abaixo citados ter\u00e3o seu respectivo imposto abatido;\u2013 Fechando um contrato atrav\u00e9s de sua indica\u00e7\u00e3o, o valor integral [&hellip;]<\/p>\n","protected":false},"author":1,"featured_media":0,"parent":0,"menu_order":0,"comment_status":"closed","ping_status":"closed","template":"","meta":{"footnotes":""},"class_list":["post-16049","page","type-page","status-publish","hentry"],"yoast_head":"<!-- This site is optimized with the Yoast SEO plugin v27.3 - https:\/\/yoast.com\/product\/yoast-seo-wordpress\/ -->\n<title>CAMPANHA DE INDICA\u00c7\u00c3O - Pacific Excellence<\/title>\n<meta name=\"robots\" content=\"index, follow, max-snippet:-1, max-image-preview:large, max-video-preview:-1\" \/>\n<link rel=\"canonical\" href=\"https:\/\/pacific-excellence.com.br\/?page_id=16049\" \/>\n<meta property=\"og:locale\" content=\"pt_BR\" \/>\n<meta property=\"og:type\" content=\"article\" \/>\n<meta property=\"og:title\" content=\"CAMPANHA DE INDICA\u00c7\u00c3O - Pacific Excellence\" \/>\n<meta property=\"og:description\" content=\"[vc_row][vc_column][vc_column_text] Indique nossos servi\u00e7os! Sua indica\u00e7\u00e3o ser\u00e1 revertida em benef\u00edcios e\/ou descontos para sua empresa ou para voc\u00ea pessoa f\u00edsica. Confira nosso regulamento:\u2013 Ap\u00f3s a indica\u00e7\u00e3o, faremos contato com o poss\u00edvel cliente e apresentaremos uma proposta;\u2013 Os valores abaixo citados ter\u00e3o seu respectivo imposto abatido;\u2013 Fechando um contrato atrav\u00e9s de sua indica\u00e7\u00e3o, o valor integral [&hellip;]\" \/>\n<meta property=\"og:url\" content=\"https:\/\/pacific-excellence.com.br\/?page_id=16049\" \/>\n<meta property=\"og:site_name\" content=\"Pacific Excellence\" \/>\n<meta property=\"article:modified_time\" content=\"2024-01-24T15:31:04+00:00\" \/>\n<meta name=\"twitter:card\" content=\"summary_large_image\" \/>\n<meta name=\"twitter:label1\" content=\"Est. tempo de leitura\" \/>\n\t<meta name=\"twitter:data1\" content=\"1 minuto\" \/>\n<script type=\"application\/ld+json\" class=\"yoast-schema-graph\">{\"@context\":\"https:\\\/\\\/schema.org\",\"@graph\":[{\"@type\":\"WebPage\",\"@id\":\"https:\\\/\\\/pacific-excellence.com.br\\\/?page_id=16049\",\"url\":\"https:\\\/\\\/pacific-excellence.com.br\\\/?page_id=16049\",\"name\":\"CAMPANHA DE INDICA\u00c7\u00c3O - Pacific Excellence\",\"isPartOf\":{\"@id\":\"https:\\\/\\\/pacific-excellence.com.br\\\/#website\"},\"datePublished\":\"2022-01-18T18:54:49+00:00\",\"dateModified\":\"2024-01-24T15:31:04+00:00\",\"breadcrumb\":{\"@id\":\"https:\\\/\\\/pacific-excellence.com.br\\\/?page_id=16049#breadcrumb\"},\"inLanguage\":\"pt-BR\",\"potentialAction\":[{\"@type\":\"ReadAction\",\"target\":[\"https:\\\/\\\/pacific-excellence.com.br\\\/?page_id=16049\"]}]},{\"@type\":\"BreadcrumbList\",\"@id\":\"https:\\\/\\\/pacific-excellence.com.br\\\/?page_id=16049#breadcrumb\",\"itemListElement\":[{\"@type\":\"ListItem\",\"position\":1,\"name\":\"In\u00edcio\",\"item\":\"https:\\\/\\\/pacific-excellence.com.br\\\/\"},{\"@type\":\"ListItem\",\"position\":2,\"name\":\"CAMPANHA DE INDICA\u00c7\u00c3O\"}]},{\"@type\":\"WebSite\",\"@id\":\"https:\\\/\\\/pacific-excellence.com.br\\\/#website\",\"url\":\"https:\\\/\\\/pacific-excellence.com.br\\\/\",\"name\":\"Pacific Excellence\",\"description\":\"Excel\u00eancia em TI e Impress\u00e3o.\",\"potentialAction\":[{\"@type\":\"SearchAction\",\"target\":{\"@type\":\"EntryPoint\",\"urlTemplate\":\"https:\\\/\\\/pacific-excellence.com.br\\\/?s={search_term_string}\"},\"query-input\":{\"@type\":\"PropertyValueSpecification\",\"valueRequired\":true,\"valueName\":\"search_term_string\"}}],\"inLanguage\":\"pt-BR\"}]}<\/script>\n<!-- \/ Yoast SEO plugin. -->","yoast_head_json":{"title":"CAMPANHA DE INDICA\u00c7\u00c3O - Pacific Excellence","robots":{"index":"index","follow":"follow","max-snippet":"max-snippet:-1","max-image-preview":"max-image-preview:large","max-video-preview":"max-video-preview:-1"},"canonical":"https:\/\/pacific-excellence.com.br\/?page_id=16049","og_locale":"pt_BR","og_type":"article","og_title":"CAMPANHA DE INDICA\u00c7\u00c3O - Pacific Excellence","og_description":"[vc_row][vc_column][vc_column_text] Indique nossos servi\u00e7os! Sua indica\u00e7\u00e3o ser\u00e1 revertida em benef\u00edcios e\/ou descontos para sua empresa ou para voc\u00ea pessoa f\u00edsica. Confira nosso regulamento:\u2013 Ap\u00f3s a indica\u00e7\u00e3o, faremos contato com o poss\u00edvel cliente e apresentaremos uma proposta;\u2013 Os valores abaixo citados ter\u00e3o seu respectivo imposto abatido;\u2013 Fechando um contrato atrav\u00e9s de sua indica\u00e7\u00e3o, o valor integral [&hellip;]","og_url":"https:\/\/pacific-excellence.com.br\/?page_id=16049","og_site_name":"Pacific Excellence","article_modified_time":"2024-01-24T15:31:04+00:00","twitter_card":"summary_large_image","twitter_misc":{"Est. tempo de leitura":"1 minuto"},"schema":{"@context":"https:\/\/schema.org","@graph":[{"@type":"WebPage","@id":"https:\/\/pacific-excellence.com.br\/?page_id=16049","url":"https:\/\/pacific-excellence.com.br\/?page_id=16049","name":"CAMPANHA DE INDICA\u00c7\u00c3O - Pacific Excellence","isPartOf":{"@id":"https:\/\/pacific-excellence.com.br\/#website"},"datePublished":"2022-01-18T18:54:49+00:00","dateModified":"2024-01-24T15:31:04+00:00","breadcrumb":{"@id":"https:\/\/pacific-excellence.com.br\/?page_id=16049#breadcrumb"},"inLanguage":"pt-BR","potentialAction":[{"@type":"ReadAction","target":["https:\/\/pacific-excellence.com.br\/?page_id=16049"]}]},{"@type":"BreadcrumbList","@id":"https:\/\/pacific-excellence.com.br\/?page_id=16049#breadcrumb","itemListElement":[{"@type":"ListItem","position":1,"name":"In\u00edcio","item":"https:\/\/pacific-excellence.com.br\/"},{"@type":"ListItem","position":2,"name":"CAMPANHA DE INDICA\u00c7\u00c3O"}]},{"@type":"WebSite","@id":"https:\/\/pacific-excellence.com.br\/#website","url":"https:\/\/pacific-excellence.com.br\/","name":"Pacific Excellence","description":"Excel\u00eancia em TI e Impress\u00e3o.","potentialAction":[{"@type":"SearchAction","target":{"@type":"EntryPoint","urlTemplate":"https:\/\/pacific-excellence.com.br\/?s={search_term_string}"},"query-input":{"@type":"PropertyValueSpecification","valueRequired":true,"valueName":"search_term_string"}}],"inLanguage":"pt-BR"}]}},"_links":{"self":[{"href":"https:\/\/pacific-excellence.com.br\/index.php?rest_route=\/wp\/v2\/pages\/16049","targetHints":{"allow":["GET"]}}],"collection":[{"href":"https:\/\/pacific-excellence.com.br\/index.php?rest_route=\/wp\/v2\/pages"}],"about":[{"href":"https:\/\/pacific-excellence.com.br\/index.php?rest_route=\/wp\/v2\/types\/page"}],"author":[{"embeddable":true,"href":"https:\/\/pacific-excellence.com.br\/index.php?rest_route=\/wp\/v2\/users\/1"}],"replies":[{"embeddable":true,"href":"https:\/\/pacific-excellence.com.br\/index.php?rest_route=%2Fwp%2Fv2%2Fcomments&post=16049"}],"version-history":[{"count":1,"href":"https:\/\/pacific-excellence.com.br\/index.php?rest_route=\/wp\/v2\/pages\/16049\/revisions"}],"predecessor-version":[{"id":16238,"href":"https:\/\/pacific-excellence.com.br\/index.php?rest_route=\/wp\/v2\/pages\/16049\/revisions\/16238"}],"wp:attachment":[{"href":"https:\/\/pacific-excellence.com.br\/index.php?rest_route=%2Fwp%2Fv2%2Fmedia&parent=16049"}],"curies":[{"name":"wp","href":"https:\/\/api.w.org\/{rel}","templated":true}]}}