{"id":592,"date":"2014-03-19T15:23:11","date_gmt":"2014-03-19T18:23:11","guid":{"rendered":"http:\/\/the7.dream-demo.com\/business\/?page_id=592"},"modified":"2020-11-24T14:17:03","modified_gmt":"2020-11-24T16:17:03","slug":"home","status":"publish","type":"page","link":"https:\/\/pacific-excellence.com.br\/","title":{"rendered":"Home"},"content":{"rendered":"<p>[vc_row][vc_column][vc_column_text]A Pacific Excellence conta com profissionais qualificados e oferece servi\u00e7os de TI, Impress\u00e3o e Circuito de C\u00e2meras (CFTV) com a total confian\u00e7a que sua empresa precisa.[\/vc_column_text][vc_separator][vc_empty_space][\/vc_column][\/vc_row][vc_row][vc_column width=&#8221;1\/4&#8243;]<div class=\"aio-icon-component    style_1\"><div id=\"Info-box-wrap-7606\" class=\"aio-icon-box default-icon\" style=\"\"  ><div class=\"aio-icon-default\"><div class=\"ult-just-icon-wrapper  \"><div class=\"align-icon\" style=\"text-align:center;\">\n<div class=\"aio-icon none \"  style=\"color:#333;font-size:32px;display:inline-block;\">\n\t<i class=\"Defaults-cogs gears\"><\/i>\n<\/div><\/div><\/div><\/div><div class=\"aio-icon-header\" ><a class=\"aio-icon-box-link\" href=\"https:\/\/pacific-excellence.com.br\/?page_id=15551\" title=\"Servidores\/Infraestrutura de Rede\" ><h3 class=\"aio-icon-title ult-responsive\"  data-ultimate-target='#Info-box-wrap-7606 .aio-icon-title'  data-responsive-json-new='{\"font-size\":\"\",\"line-height\":\"\"}'  style=\"font-weight:bold;\">TI<\/h3><\/a><\/div> <!-- header --><div class=\"aio-icon-description ult-responsive\"  data-ultimate-target='#Info-box-wrap-7606 .aio-icon-description'  data-responsive-json-new='{\"font-size\":\"\",\"line-height\":\"\"}'  style=\"\">\u2013 Help Desk\/Service Desk<br \/>\n\u2013 Servidores\/Infraestrutura de Rede<br \/>\n\u2013 Nuvem (Administra\u00e7\u00e3o)<br \/>\n\u2013 Gerenciamento de Links<br \/>\n\u2013 VPN<br \/>\n\u2013 LGPD \u2013 Lei Geral de Prote\u00e7ao de Dados<br \/>\n\u2013 Recupera\u00e7\u00e3o de Dados (HD\/SSD\/Pendrives)<\/div> <!-- description --><\/div> <!-- aio-icon-box --><\/div> <!-- aio-icon-component -->[\/vc_column][vc_column width=&#8221;1\/4&#8243;]<div class=\"aio-icon-component    style_1\"><div id=\"Info-box-wrap-2722\" class=\"aio-icon-box default-icon\" style=\"\"  ><div class=\"aio-icon-default\"><div class=\"ult-just-icon-wrapper  \"><div class=\"align-icon\" style=\"text-align:center;\">\n<div class=\"aio-icon none \"  style=\"color:#333;font-size:32px;display:inline-block;\">\n\t<i class=\"Defaults-video-camera\"><\/i>\n<\/div><\/div><\/div><\/div><div class=\"aio-icon-header\" ><a class=\"aio-icon-box-link\" href=\"https:\/\/pacific-excellence.com.br\/?page_id=15815\" title=\"Circuito de C\u00e2meras (CFTV)\" ><h3 class=\"aio-icon-title ult-responsive\"  data-ultimate-target='#Info-box-wrap-2722 .aio-icon-title'  data-responsive-json-new='{\"font-size\":\"\",\"line-height\":\"\"}'  style=\"font-weight:bold;\">Circuito de C\u00e2meras (CFTV)<\/h3><\/a><\/div> <!-- header --><div class=\"aio-icon-description ult-responsive\"  data-ultimate-target='#Info-box-wrap-2722 .aio-icon-description'  data-responsive-json-new='{\"font-size\":\"\",\"line-height\":\"\"}'  style=\"\">O que antes era um item opcional, hoje se tornou quase que obrigat\u00f3rio, para se obter seguran\u00e7a e produtividade.<\/div> <!-- description --><\/div> <!-- aio-icon-box --><\/div> <!-- aio-icon-component -->[\/vc_column][vc_column width=&#8221;1\/4&#8243;]<div class=\"aio-icon-component    style_1\"><div id=\"Info-box-wrap-1797\" class=\"aio-icon-box default-icon\" style=\"\"  ><div class=\"aio-icon-default\"><div class=\"ult-just-icon-wrapper  \"><div class=\"align-icon\" style=\"text-align:center;\">\n<div class=\"aio-icon none \"  style=\"color:#333;font-size:32px;display:inline-block;\">\n\t<i class=\"Defaults-print\"><\/i>\n<\/div><\/div><\/div><\/div><div class=\"aio-icon-header\" ><a class=\"aio-icon-box-link\" href=\"https:\/\/pacific-excellence.com.br\/?page_id=15560\" title=\"Loca\u00e7\u00e3o de Impressoras\/Outsourcing\" ><h3 class=\"aio-icon-title ult-responsive\"  data-ultimate-target='#Info-box-wrap-1797 .aio-icon-title'  data-responsive-json-new='{\"font-size\":\"\",\"line-height\":\"\"}'  style=\"font-weight:bold;\">Loca\u00e7\u00e3o de Impressoras\/Outsourcing<\/h3><\/a><\/div> <!-- header --><div class=\"aio-icon-description ult-responsive\"  data-ultimate-target='#Info-box-wrap-1797 .aio-icon-description'  data-responsive-json-new='{\"font-size\":\"\",\"line-height\":\"\"}'  style=\"\">Terceirize o seu parque de impress\u00e3o e fique livre de manuten\u00e7\u00f5es e gerenciamento de impress\u00e3o, tornando assim sua empresa mais dedicada a seu n\u00facleo, com redu\u00e7\u00e3o de custo e aumento de qualidade e produtividade.<\/div> <!-- description --><\/div> <!-- aio-icon-box --><\/div> <!-- aio-icon-component -->[\/vc_column][\/vc_row][vc_row full_width=&#8221;stretch_row&#8221; wrap_container=&#8221;yes&#8221; is_section=&#8221;yes&#8221; remove_margin_top=&#8221;yes&#8221; remove_margin_bottom=&#8221;yes&#8221; remove_border=&#8221;yes&#8221; css=&#8221;.vc_custom_1451081264188{background-color: #002c4c !important;}&#8221;][vc_column][vc_custom_heading text=&#8221;Somos a <strong>Pacific Excellence<\/strong>&#8221; font_container=&#8221;tag:h2|text_align:left|color:%23ffffff&#8221; use_theme_fonts=&#8221;yes&#8221;][vc_column_text]A Pacific Excellence se posiciona no mercado como uma empresa focada em entregar qualidade no atendimento customizado a seus clientes, com forte atua\u00e7\u00e3o nos segmentos: financeiro, cont\u00e1bil, ind\u00fastria, com\u00e9rcio, advocacia, institui\u00e7\u00f5es de ensino, governamental e outros.[\/vc_column_text][vc_btn title=&#8221;Saiba mais&#8221; color=&#8221;white&#8221; skin=&#8221;light&#8221; link=&#8221;url:https%3A%2F%2Fpacific-excellence.com.br%2F%3Fpage_id%3D15541|title:Empresa||&#8221;][\/vc_column][\/vc_row][vc_row][vc_column][vc_empty_space][\/vc_column][\/vc_row][vc_row][vc_column width=&#8221;2\/3&#8243;][vc_custom_heading text=&#8221;N\u00f3s entramos em contato com voc\u00ea! Clique no bot\u00e3o ao lado e preencha o formul\u00e1rio.&#8221; font_container=&#8221;tag:h2|text_align:center&#8221; use_theme_fonts=&#8221;yes&#8221;][\/vc_column][vc_column width=&#8221;1\/3&#8243;][vc_empty_space height=&#8221;20px&#8221;][vc_btn title=&#8221;Fale Conosco&#8221; size=&#8221;lg&#8221; skin=&#8221;tertiary&#8221; link=&#8221;url:https%3A%2F%2Fpacific-excellence.com.br%2F%3Fpage_id%3D15567|title:Fale%20Conosco||&#8221;][\/vc_column][\/vc_row][vc_row full_width=&#8221;stretch_row&#8221; section_text_color=&#8221;dark&#8221; css=&#8221;.vc_custom_1606234448387{background-color: #002c4c !important;}&#8221;][vc_column][vc_custom_heading text=&#8221;\u00daltimas Not\u00edcias&#8221; font_container=&#8221;tag:h2|text_align:left|color:%23ffffff&#8221; use_theme_fonts=&#8221;yes&#8221;][\/vc_column][vc_column]<div class=\"porto-recent-posts wpb_content_element \">    <div class=\"row\">\r\n        <div class=\"post-carousel owl-carousel\" data-cols-lg=\"4\" data-cols-md=\"3\" data-cols-sm=\"2\">\r\n            <div class=\"post-slide\">    <div class=\"post-item\">\n                <div class=\"post-date\">\n                <span class=\"day\">30<\/span>\n    <span class=\"month\">dez<\/span>\n            <\/div>\n        <h4>\n            <a href=\"https:\/\/pacific-excellence.com.br\/?p=16362\">O futuro dos Data Centers pode parecer fic\u00e7\u00e3o cient\u00edfica<\/a>\n        <\/h4>\n        <p class=\"post-excerpt\">\n\"Spa de dados\", data centers no espa\u00e7o e no fundo do mar: quais s\u00e3o as poss\u00edveis solu\u00e7\u00f5es para diminuir...  <a class=\"read-more\" href=\"https:\/\/pacific-excellence.com.br\/?p=16362\">read more <i class=\"fa fa-angle-right\"><\/i><\/a><\/p>    <\/div>\n<\/div><div class=\"post-slide\">    <div class=\"post-item\">\n                <div class=\"post-date\">\n                <span class=\"day\">27<\/span>\n    <span class=\"month\">nov<\/span>\n            <\/div>\n        <h4>\n            <a href=\"https:\/\/pacific-excellence.com.br\/?p=16357\">OpenAI apresenta nova ferramenta de pesquisa de compras no ChatGPT<\/a>\n        <\/h4>\n        <p class=\"post-excerpt\">\n\n\n\n\nA OpenAI anunciou, nesta segunda-feira (24), o lan\u00e7amento de um novo recurso gratuito no ChatGPT: a pesquisa de compras,...  <a class=\"read-more\" href=\"https:\/\/pacific-excellence.com.br\/?p=16357\">read more <i class=\"fa fa-angle-right\"><\/i><\/a><\/p>    <\/div>\n<\/div>        <\/div>\r\n    <\/div>\r\n    <\/div>[\/vc_column][\/vc_row]<\/p>\n","protected":false},"excerpt":{"rendered":"<p>[vc_row][vc_column][vc_column_text]A Pacific Excellence conta com profissionais qualificados e oferece servi\u00e7os de TI, Impress\u00e3o e Circuito de C\u00e2meras (CFTV) com a total confian\u00e7a que sua empresa precisa.[\/vc_column_text][vc_separator][vc_empty_space][\/vc_column][\/vc_row][vc_row][vc_column width=&#8221;1\/4&#8243;][\/vc_column][vc_column width=&#8221;1\/4&#8243;][\/vc_column][vc_column width=&#8221;1\/4&#8243;][\/vc_column][\/vc_row][vc_row full_width=&#8221;stretch_row&#8221; wrap_container=&#8221;yes&#8221; is_section=&#8221;yes&#8221; remove_margin_top=&#8221;yes&#8221; remove_margin_bottom=&#8221;yes&#8221; remove_border=&#8221;yes&#8221; css=&#8221;.vc_custom_1451081264188{background-color: #002c4c !important;}&#8221;][vc_column][vc_custom_heading text=&#8221;Somos a Pacific Excellence&#8221; font_container=&#8221;tag:h2|text_align:left|color:%23ffffff&#8221; use_theme_fonts=&#8221;yes&#8221;][vc_column_text]A Pacific Excellence se posiciona no mercado como uma empresa focada em [&hellip;]<\/p>\n","protected":false},"author":1,"featured_media":0,"parent":0,"menu_order":1,"comment_status":"closed","ping_status":"closed","template":"","meta":{"footnotes":""},"class_list":["post-592","page","type-page","status-publish","hentry"],"yoast_head":"<!-- This site is optimized with the Yoast SEO plugin v27.3 - https:\/\/yoast.com\/product\/yoast-seo-wordpress\/ -->\n<title>Home - Pacific Excellence<\/title>\n<meta name=\"robots\" content=\"index, follow, max-snippet:-1, max-image-preview:large, max-video-preview:-1\" \/>\n<link rel=\"canonical\" href=\"https:\/\/pacific-excellence.com.br\/\" \/>\n<meta property=\"og:locale\" content=\"pt_BR\" \/>\n<meta property=\"og:type\" content=\"article\" \/>\n<meta property=\"og:title\" content=\"Home - Pacific Excellence\" \/>\n<meta property=\"og:description\" content=\"[vc_row][vc_column][vc_column_text]A Pacific Excellence conta com profissionais qualificados e oferece servi\u00e7os de TI, Impress\u00e3o e Circuito de C\u00e2meras (CFTV) com a total confian\u00e7a que sua empresa precisa.[\/vc_column_text][vc_separator][vc_empty_space][\/vc_column][\/vc_row][vc_row][vc_column width=&#8221;1\/4&#8243;][\/vc_column][vc_column width=&#8221;1\/4&#8243;][\/vc_column][vc_column width=&#8221;1\/4&#8243;][\/vc_column][\/vc_row][vc_row full_width=&#8221;stretch_row&#8221; wrap_container=&#8221;yes&#8221; is_section=&#8221;yes&#8221; remove_margin_top=&#8221;yes&#8221; remove_margin_bottom=&#8221;yes&#8221; remove_border=&#8221;yes&#8221; css=&#8221;.vc_custom_1451081264188{background-color: #002c4c !important;}&#8221;][vc_column][vc_custom_heading text=&#8221;Somos a Pacific Excellence&#8221; font_container=&#8221;tag:h2|text_align:left|color:%23ffffff&#8221; use_theme_fonts=&#8221;yes&#8221;][vc_column_text]A Pacific Excellence se posiciona no mercado como uma empresa focada em [&hellip;]\" \/>\n<meta property=\"og:url\" content=\"https:\/\/pacific-excellence.com.br\/\" \/>\n<meta property=\"og:site_name\" content=\"Pacific Excellence\" \/>\n<meta property=\"article:modified_time\" content=\"2020-11-24T16:17:03+00:00\" \/>\n<meta name=\"twitter:card\" content=\"summary_large_image\" \/>\n<meta name=\"twitter:label1\" content=\"Est. tempo de leitura\" \/>\n\t<meta name=\"twitter:data1\" content=\"3 minutos\" \/>\n<script type=\"application\/ld+json\" class=\"yoast-schema-graph\">{\"@context\":\"https:\\\/\\\/schema.org\",\"@graph\":[{\"@type\":\"WebPage\",\"@id\":\"https:\\\/\\\/pacific-excellence.com.br\\\/\",\"url\":\"https:\\\/\\\/pacific-excellence.com.br\\\/\",\"name\":\"Home - Pacific Excellence\",\"isPartOf\":{\"@id\":\"https:\\\/\\\/pacific-excellence.com.br\\\/#website\"},\"datePublished\":\"2014-03-19T18:23:11+00:00\",\"dateModified\":\"2020-11-24T16:17:03+00:00\",\"breadcrumb\":{\"@id\":\"https:\\\/\\\/pacific-excellence.com.br\\\/#breadcrumb\"},\"inLanguage\":\"pt-BR\",\"potentialAction\":[{\"@type\":\"ReadAction\",\"target\":[\"https:\\\/\\\/pacific-excellence.com.br\\\/\"]}]},{\"@type\":\"BreadcrumbList\",\"@id\":\"https:\\\/\\\/pacific-excellence.com.br\\\/#breadcrumb\",\"itemListElement\":[{\"@type\":\"ListItem\",\"position\":1,\"name\":\"In\u00edcio\",\"item\":\"https:\\\/\\\/pacific-excellence.com.br\\\/\"},{\"@type\":\"ListItem\",\"position\":2,\"name\":\"Home\"}]},{\"@type\":\"WebSite\",\"@id\":\"https:\\\/\\\/pacific-excellence.com.br\\\/#website\",\"url\":\"https:\\\/\\\/pacific-excellence.com.br\\\/\",\"name\":\"Pacific Excellence\",\"description\":\"Excel\u00eancia em TI e Impress\u00e3o.\",\"potentialAction\":[{\"@type\":\"SearchAction\",\"target\":{\"@type\":\"EntryPoint\",\"urlTemplate\":\"https:\\\/\\\/pacific-excellence.com.br\\\/?s={search_term_string}\"},\"query-input\":{\"@type\":\"PropertyValueSpecification\",\"valueRequired\":true,\"valueName\":\"search_term_string\"}}],\"inLanguage\":\"pt-BR\"}]}<\/script>\n<!-- \/ Yoast SEO plugin. -->","yoast_head_json":{"title":"Home - Pacific Excellence","robots":{"index":"index","follow":"follow","max-snippet":"max-snippet:-1","max-image-preview":"max-image-preview:large","max-video-preview":"max-video-preview:-1"},"canonical":"https:\/\/pacific-excellence.com.br\/","og_locale":"pt_BR","og_type":"article","og_title":"Home - Pacific Excellence","og_description":"[vc_row][vc_column][vc_column_text]A Pacific Excellence conta com profissionais qualificados e oferece servi\u00e7os de TI, Impress\u00e3o e Circuito de C\u00e2meras (CFTV) com a total confian\u00e7a que sua empresa precisa.[\/vc_column_text][vc_separator][vc_empty_space][\/vc_column][\/vc_row][vc_row][vc_column width=&#8221;1\/4&#8243;][\/vc_column][vc_column width=&#8221;1\/4&#8243;][\/vc_column][vc_column width=&#8221;1\/4&#8243;][\/vc_column][\/vc_row][vc_row full_width=&#8221;stretch_row&#8221; wrap_container=&#8221;yes&#8221; is_section=&#8221;yes&#8221; remove_margin_top=&#8221;yes&#8221; remove_margin_bottom=&#8221;yes&#8221; remove_border=&#8221;yes&#8221; css=&#8221;.vc_custom_1451081264188{background-color: #002c4c !important;}&#8221;][vc_column][vc_custom_heading text=&#8221;Somos a Pacific Excellence&#8221; font_container=&#8221;tag:h2|text_align:left|color:%23ffffff&#8221; use_theme_fonts=&#8221;yes&#8221;][vc_column_text]A Pacific Excellence se posiciona no mercado como uma empresa focada em [&hellip;]","og_url":"https:\/\/pacific-excellence.com.br\/","og_site_name":"Pacific Excellence","article_modified_time":"2020-11-24T16:17:03+00:00","twitter_card":"summary_large_image","twitter_misc":{"Est. tempo de leitura":"3 minutos"},"schema":{"@context":"https:\/\/schema.org","@graph":[{"@type":"WebPage","@id":"https:\/\/pacific-excellence.com.br\/","url":"https:\/\/pacific-excellence.com.br\/","name":"Home - Pacific Excellence","isPartOf":{"@id":"https:\/\/pacific-excellence.com.br\/#website"},"datePublished":"2014-03-19T18:23:11+00:00","dateModified":"2020-11-24T16:17:03+00:00","breadcrumb":{"@id":"https:\/\/pacific-excellence.com.br\/#breadcrumb"},"inLanguage":"pt-BR","potentialAction":[{"@type":"ReadAction","target":["https:\/\/pacific-excellence.com.br\/"]}]},{"@type":"BreadcrumbList","@id":"https:\/\/pacific-excellence.com.br\/#breadcrumb","itemListElement":[{"@type":"ListItem","position":1,"name":"In\u00edcio","item":"https:\/\/pacific-excellence.com.br\/"},{"@type":"ListItem","position":2,"name":"Home"}]},{"@type":"WebSite","@id":"https:\/\/pacific-excellence.com.br\/#website","url":"https:\/\/pacific-excellence.com.br\/","name":"Pacific Excellence","description":"Excel\u00eancia em TI e Impress\u00e3o.","potentialAction":[{"@type":"SearchAction","target":{"@type":"EntryPoint","urlTemplate":"https:\/\/pacific-excellence.com.br\/?s={search_term_string}"},"query-input":{"@type":"PropertyValueSpecification","valueRequired":true,"valueName":"search_term_string"}}],"inLanguage":"pt-BR"}]}},"_links":{"self":[{"href":"https:\/\/pacific-excellence.com.br\/index.php?rest_route=\/wp\/v2\/pages\/592","targetHints":{"allow":["GET"]}}],"collection":[{"href":"https:\/\/pacific-excellence.com.br\/index.php?rest_route=\/wp\/v2\/pages"}],"about":[{"href":"https:\/\/pacific-excellence.com.br\/index.php?rest_route=\/wp\/v2\/types\/page"}],"author":[{"embeddable":true,"href":"https:\/\/pacific-excellence.com.br\/index.php?rest_route=\/wp\/v2\/users\/1"}],"replies":[{"embeddable":true,"href":"https:\/\/pacific-excellence.com.br\/index.php?rest_route=%2Fwp%2Fv2%2Fcomments&post=592"}],"version-history":[{"count":27,"href":"https:\/\/pacific-excellence.com.br\/index.php?rest_route=\/wp\/v2\/pages\/592\/revisions"}],"predecessor-version":[{"id":15973,"href":"https:\/\/pacific-excellence.com.br\/index.php?rest_route=\/wp\/v2\/pages\/592\/revisions\/15973"}],"wp:attachment":[{"href":"https:\/\/pacific-excellence.com.br\/index.php?rest_route=%2Fwp%2Fv2%2Fmedia&parent=592"}],"curies":[{"name":"wp","href":"https:\/\/api.w.org\/{rel}","templated":true}]}}